{"id":1295,"date":"2024-08-06T11:51:29","date_gmt":"2024-08-06T11:51:29","guid":{"rendered":"https:\/\/jovial-mccarthy.93-93-118-239.plesk.page\/register\/"},"modified":"2024-08-06T13:11:44","modified_gmt":"2024-08-06T13:11:44","slug":"registre","status":"publish","type":"page","link":"https:\/\/prosoponcatalunya.cat\/ca\/registre\/","title":{"rendered":"Registre"},"content":{"rendered":"<body>\t\t<div data-elementor-type=\"wp-page\" data-elementor-id=\"1295\" class=\"elementor elementor-1295\" data-elementor-settings='{\"ha_cmc_init_switcher\":\"no\"}' data-elementor-post-type=\"page\">\n\t\t\t\t<div class=\"elementor-element elementor-element-7027aba e-flex e-con-boxed e-con e-parent\" data-id=\"7027aba\" data-element_type=\"container\" data-e-type=\"container\" data-settings='{\"_ha_eqh_enable\":false}'>\n\t\t\t\t\t<div class=\"e-con-inner\">\n\t\t<div class=\"elementor-element elementor-element-8ef76c8 e-con-full e-flex e-con e-child\" data-id=\"8ef76c8\" data-element_type=\"container\" data-e-type=\"container\" data-settings='{\"_ha_eqh_enable\":false}'>\n\t\t\t\t<div class=\"elementor-element elementor-element-c0afc9c elementor-view-default elementor-widget elementor-widget-icon\" data-id=\"c0afc9c\" data-element_type=\"widget\" data-e-type=\"widget\" data-widget_type=\"icon.default\">\n\t\t\t\t<div class=\"elementor-widget-container\">\n\t\t\t\t\t\t\t<div class=\"elementor-icon-wrapper\">\n\t\t\t<a class=\"elementor-icon\" href=\"https:\/\/prosoponcatalunya.cat\/ca\/\">\n\t\t\t<svg aria-hidden=\"true\" class=\"e-font-icon-svg e-far-arrow-alt-circle-left\" viewbox=\"0 0 512 512\" xmlns=\"http:\/\/www.w3.org\/2000\/svg\"><path d=\"M8 256c0 137 111 248 248 248s248-111 248-248S393 8 256 8 8 119 8 256zm448 0c0 110.5-89.5 200-200 200S56 366.5 56 256 145.5 56 256 56s200 89.5 200 200zm-72-20v40c0 6.6-5.4 12-12 12H256v67c0 10.7-12.9 16-20.5 8.5l-99-99c-4.7-4.7-4.7-12.3 0-17l99-99c7.6-7.6 20.5-2.2 20.5 8.5v67h116c6.6 0 12 5.4 12 12z\"><\/path><\/svg>\t\t\t<\/a>\n\t\t<\/div>\n\t\t\t\t\t\t<\/div>\n\t\t\t\t<\/div>\n\t\t\t\t<\/div>\n\t\t<div class=\"elementor-element elementor-element-2bd865a e-con-full e-flex e-con e-child\" data-id=\"2bd865a\" data-element_type=\"container\" data-e-type=\"container\" data-settings='{\"_ha_eqh_enable\":false}'>\n\t\t\t\t<\/div>\n\t\t\t\t\t<\/div>\n\t\t\t\t<\/div>\n\t\t\t\t<section class=\"elementor-section elementor-inner-section elementor-element elementor-element-d24ae4b elementor-section-boxed elementor-section-height-default elementor-section-height-default\" data-id=\"d24ae4b\" data-element_type=\"section\" data-e-type=\"section\" data-settings='{\"_ha_eqh_enable\":false}'>\n\t\t\t\t\t\t<div class=\"elementor-container elementor-column-gap-default\">\n\t\t\t\t\t<div class=\"elementor-column elementor-col-100 elementor-inner-column elementor-element elementor-element-46eecc55\" data-id=\"46eecc55\" data-element_type=\"column\" data-e-type=\"column\">\n\t\t\t<div class=\"elementor-widget-wrap elementor-element-populated\">\n\t\t\t\t\t\t<div class=\"elementor-element elementor-element-2860249b elementor-widget elementor-widget-heading\" data-id=\"2860249b\" data-element_type=\"widget\" data-e-type=\"widget\" data-widget_type=\"heading.default\">\n\t\t\t\t<div class=\"elementor-widget-container\">\n\t\t\t\t\t<h1 class=\"elementor-heading-title elementor-size-default\">Inicia sessi\u00f3<\/h1>\t\t\t\t<\/div>\n\t\t\t\t<\/div>\n\t\t\t\t<div class=\"elementor-element elementor-element-7b8c9490 elementor-widget elementor-widget-text-editor\" data-id=\"7b8c9490\" data-element_type=\"widget\" data-e-type=\"widget\" data-widget_type=\"text-editor.default\">\n\t\t\t\t<div class=\"elementor-widget-container\">\n\t\t\t\t\t\t\t\t\t<p>Inicia sessi\u00f3 al compte del teu centre per poder reservar entrades i consultar la teva informaci\u00f3<\/p>\t\t\t\t\t\t\t\t<\/div>\n\t\t\t\t<\/div>\n\t\t\t\t\t<\/div>\n\t\t<\/div>\n\t\t\t\t\t<\/div>\n\t\t<\/section>\n\t\t\t\t<section class=\"elementor-section elementor-inner-section elementor-element elementor-element-72579e83 elementor-section-boxed elementor-section-height-default elementor-section-height-default\" data-id=\"72579e83\" data-element_type=\"section\" data-e-type=\"section\" data-settings='{\"_ha_eqh_enable\":false}'>\n\t\t\t\t\t\t<div class=\"elementor-container elementor-column-gap-default\">\n\t\t\t\t\t<div class=\"elementor-column elementor-col-33 elementor-inner-column elementor-element elementor-element-1bf583e\" data-id=\"1bf583e\" data-element_type=\"column\" data-e-type=\"column\">\n\t\t\t<div class=\"elementor-widget-wrap\">\n\t\t\t\t\t\t\t<\/div>\n\t\t<\/div>\n\t\t\t\t<div class=\"elementor-column elementor-col-33 elementor-inner-column elementor-element elementor-element-74024aab\" data-id=\"74024aab\" data-element_type=\"column\" data-e-type=\"column\" data-settings='{\"background_background\":\"classic\"}'>\n\t\t\t<div class=\"elementor-widget-wrap elementor-element-populated\">\n\t\t\t\t\t\t<div class=\"elementor-element elementor-element-53152a5a elementor-widget elementor-widget-shortcode\" data-id=\"53152a5a\" data-element_type=\"widget\" data-e-type=\"widget\" data-widget_type=\"shortcode.default\">\n\t\t\t\t<div class=\"elementor-widget-container\">\n\t\t\t\t\t\t\t<div class=\"elementor-shortcode\">\n<div class=\"um um-register um-1289\">\n\t<div class=\"um-form\" data-mode=\"register\">\n\t\t<form method=\"post\" action=\"\" data-trp-original-action=\"\">\n\t\t\t<div class=\"um-row _um_row_1\" style=\"margin: 0 0 30px 0;\"><div class=\"um-col-121\"><div id=\"um_field_1289_username\" class=\"um-field um-field-text  um-field-username um-field-text um-field-type_text\" data-key=\"username\"><div class=\"um-field-label\"><div class=\"um-field-label-icon\"><i class=\"fas fa-envelope\" aria-label=\"Correu electr\u00f2nic del professor\"><\/i><\/div><label for=\"username-1289\">Correu electr\u00f2nic del professor<span class=\"um-req\" title=\"Required\">*<\/span><\/label><div class=\"um-clear\"><\/div><\/div><div class=\"um-field-area\"><input autocomplete=\"off\" class=\"um-form-field valid\" type=\"text\" name=\"username-1289\" id=\"username-1289\" value=\"\" placeholder=\"correu@correu.cat\" data-validate=\"unique_username_or_email\" data-key=\"username\" aria-invalid=\"false\">\n\n\t\t\t\t\t\t<\/div><\/div><div id=\"um_field_1289_user_password\" class=\"um-field um-field-password  um-field-user_password um-field-password um-field-type_password\" data-key=\"user_password\"><div class=\"um-field-label\"><div class=\"um-field-label-icon\"><i class=\"fas fa-key\" aria-label=\"Password\"><\/i><\/div><label for=\"user_password-1289\">Password<span class=\"um-req\" title=\"Required\">*<\/span><\/label><div class=\"um-clear\"><\/div><\/div><div class=\"um-field-area\"><div class=\"um-field-area-password\">\n\t\t\t\t\t\t\t\t\t<input class=\"um-form-field valid\" type=\"password\" name=\"user_password-1289\" id=\"user_password-1289\" value=\"\" placeholder=\"Contrassenya\" data-validate=\"\" data-key=\"user_password\" aria-invalid=\"false\">\n\t\t\t\t\t\t\t\t\t<span class=\"um-toggle-password\"><i class=\"um-icon-eye\"><\/i><\/span>\n\t\t\t\t\t\t\t\t<\/div>\n\t\t\t\t\t\t\t<\/div><\/div><div id=\"um_field_1289_confirm_user_password\" class=\"um-field um-field-password  um-field-user_password um-field-password um-field-type_password\" data-key=\"confirm_user_password\"><div class=\"um-field-label\"><div class=\"um-field-label-icon\"><i class=\"fas fa-key\" aria-label=\"Confirma la teva clau\"><\/i><\/div><label for=\"confirm_user_password-1289\">Confirma la teva clau<span class=\"um-req\" title=\"Required\">*<\/span><\/label><div class=\"um-clear\"><\/div><\/div><div class=\"um-field-area\"><div class=\"um-field-area-password\"><input class=\"um-form-field valid\" type=\"password\" name=\"confirm_user_password-1289\" id=\"confirm_user_password-1289\" value=\"\" placeholder=\"Confirma la teva clau\" data-validate=\"\" data-key=\"confirm_user_password\" aria-invalid=\"false\"><span class=\"um-toggle-password\"><i class=\"um-icon-eye\"><\/i><\/span><\/div><\/div><\/div><\/div><div class=\"um-col-122\"><div id=\"um_field_1289_first_name\" class=\"um-field um-field-text  um-field-first_name um-field-text um-field-type_text\" data-key=\"first_name\"><div class=\"um-field-label\"><div class=\"um-field-label-icon\"><i class=\"fas fa-school\" aria-label=\"Nom del centre\"><\/i><\/div><label for=\"first_name-1289\">Nom del centre<span class=\"um-req\" title=\"Required\">*<\/span><\/label><div class=\"um-clear\"><\/div><\/div><div class=\"um-field-area\"><input autocomplete=\"off\" class=\"um-form-field valid\" type=\"text\" name=\"first_name-1289\" id=\"first_name-1289\" value=\"\" placeholder=\"\" data-validate=\"\" data-key=\"first_name\" aria-invalid=\"false\">\n\n\t\t\t\t\t\t<\/div><\/div><div id=\"um_field_1289_secondary_user_email\" class=\"um-field um-field-text  um-field-secondary_user_email um-field-text um-field-type_text\" data-key=\"secondary_user_email\"><div class=\"um-field-label\"><label for=\"secondary_user_email-1289\">Correu electr\u00f2nic de facturaci\u00f3<span class=\"um-req\" title=\"Required\">*<\/span><\/label><span class=\"um-tip um-tip-w\" title=\"Indica a quin correu voleu rebre la factura\"><i class=\"um-icon-help-circled\"><\/i><\/span><div class=\"um-clear\"><\/div><\/div><div class=\"um-field-area\"><input autocomplete=\"off\" class=\"um-form-field valid\" type=\"text\" name=\"secondary_user_email-1289\" id=\"secondary_user_email-1289\" value=\"\" placeholder=\"\" data-validate=\"is_email\" data-key=\"secondary_user_email\" aria-invalid=\"false\">\n\n\t\t\t\t\t\t<\/div><\/div><div id=\"um_field_1289_CIF\" class=\"um-field um-field-text  um-field-CIF um-field-text um-field-type_text\" data-key=\"CIF\"><div class=\"um-field-label\"><label for=\"CIF-1289\">CIF del centre<span class=\"um-req\" title=\"Required\">*<\/span><\/label><div class=\"um-clear\"><\/div><\/div><div class=\"um-field-area\"><input autocomplete=\"off\" class=\"um-form-field valid\" type=\"text\" name=\"CIF-1289\" id=\"CIF-1289\" value=\"\" placeholder=\"CIF del centre\" data-validate=\"\" data-key=\"CIF\" aria-invalid=\"false\">\n\n\t\t\t\t\t\t<\/div><\/div><div id=\"um_field_1289_direction\" class=\"um-field um-field-text  um-field-direction um-field-text um-field-type_text\" data-key=\"direction\"><div class=\"um-field-label\"><label for=\"direction-1289\">Direcci\u00f3 del Centre (Carrer, N\u00famero)<span class=\"um-req\" title=\"Required\">*<\/span><\/label><div class=\"um-clear\"><\/div><\/div><div class=\"um-field-area\"><input autocomplete=\"off\" class=\"um-form-field valid\" type=\"text\" name=\"direction-1289\" id=\"direction-1289\" value=\"\" placeholder=\"Carrer i N\u00famero\" data-validate=\"\" data-key=\"direction\" aria-invalid=\"false\">\n\n\t\t\t\t\t\t<\/div><\/div><div id=\"um_field_1289_localitat\" class=\"um-field um-field-text  um-field-localitat um-field-text um-field-type_text\" data-key=\"localitat\"><div class=\"um-field-label\"><label for=\"localitat-1289\">Localitat del centre<span class=\"um-req\" title=\"Required\">*<\/span><\/label><div class=\"um-clear\"><\/div><\/div><div class=\"um-field-area\"><input autocomplete=\"off\" class=\"um-form-field valid\" type=\"text\" name=\"localitat-1289\" id=\"localitat-1289\" value=\"\" placeholder=\"Poblaci\u00f3 del centre\" data-validate=\"\" data-key=\"localitat\" aria-invalid=\"false\">\n\n\t\t\t\t\t\t<\/div><\/div><div id=\"um_field_1289_postal-code1\" class=\"um-field um-field-text  um-field-postal-code1 um-field-text um-field-type_text\" data-key=\"postal-code1\"><div class=\"um-field-label\"><label for=\"postal-code1-1289\">Codi postal<span class=\"um-req\" title=\"Required\">*<\/span><\/label><div class=\"um-clear\"><\/div><\/div><div class=\"um-field-area\"><input autocomplete=\"off\" class=\"um-form-field valid\" type=\"text\" name=\"postal-code1-1289\" id=\"postal-code1-1289\" value=\"\" placeholder=\"Codi postal del centre\" data-validate=\"\" data-key=\"postal-code1\" aria-invalid=\"false\">\n\n\t\t\t\t\t\t<\/div><\/div><div id=\"um_field_1289_province\" class=\"um-field um-field-select  um-field-province um-field-select um-field-type_select\" data-key=\"province\"><div class=\"um-field-label\"><label for=\"province-1289\">Prov\u00edncia<span class=\"um-req\" title=\"Required\">*<\/span><\/label><div class=\"um-clear\"><\/div><\/div><div class=\"um-field-area\"><select data-default=\"\" name=\"province\" id=\"province\" data-validate=\"\" data-key=\"province\" class=\"um-form-field valid um-s1\" style=\"width: 100%\" data-placeholder=\"Prov\u00edncia\" aria-invalid=\"false\"><option value=\"\"><\/option><option value=\"\u00c0laba\">\u00c0laba<\/option><option value=\"Alacant\">Alacant<\/option><option value=\"Albacete\">Albacete<\/option><option value=\"Almeria\">Almeria<\/option><option value=\"Ast\u00faries\">Ast\u00faries<\/option><option value=\"\u00c0vila\">\u00c0vila<\/option><option value=\"Badajoz\">Badajoz<\/option><option value=\"Illes Balears\">Illes Balears<\/option><option value=\"Biscaia\">Biscaia<\/option><option value=\"Barcelona\">Barcelona<\/option><option value=\"Burgos\">Burgos<\/option><option value=\"C\u00e0ceres\">C\u00e0ceres<\/option><option value=\"Cadis\">Cadis<\/option><option value=\"Cant\u00e0bria\">Cant\u00e0bria<\/option><option value=\"Castell\u00f3\">Castell\u00f3<\/option><option value=\"Ceuta\">Ceuta<\/option><option value=\"Ciudad Real\">Ciudad Real<\/option><option value=\"Conca\">Conca<\/option><option value=\"C\u00f2rdova\">C\u00f2rdova<\/option><option value=\"La Corunya\">La Corunya<\/option><option value=\"Girona\">Girona<\/option><option value=\"Granada\">Granada<\/option><option value=\"Guadalajara\">Guadalajara<\/option><option value=\"Guip\u00fascoa\">Guip\u00fascoa<\/option><option value=\"Huelva\">Huelva<\/option><option value=\"Ja\u00e9n\">Ja\u00e9n<\/option><option value=\"Lle\u00f3\">Lle\u00f3<\/option><option value=\"Lleida\">Lleida<\/option><option value=\"Lugo\">Lugo<\/option><option value=\"Madrid\">Madrid<\/option><option value=\"M\u00e0laga\">M\u00e0laga<\/option><option value=\"Melilla\">Melilla<\/option><option value=\"M\u00farcia\">M\u00farcia<\/option><option value=\"Navarra\">Navarra<\/option><option value=\"Osca\">Osca<\/option><option value=\"Ourense\">Ourense<\/option><option value=\"Pal\u00e8ncia\">Pal\u00e8ncia<\/option><option value=\"Las Palmas\">Las Palmas<\/option><option value=\"Pontevedra\">Pontevedra<\/option><option value=\"La Rioja\">La Rioja<\/option><option value=\"Salamanca\">Salamanca<\/option><option value=\"Santa Cruz de Tenerife\">Santa Cruz de Tenerife<\/option><option value=\"Saragossa\">Saragossa<\/option><option value=\"Seg\u00f2via\">Seg\u00f2via<\/option><option value=\"Sevilla\">Sevilla<\/option><option value=\"S\u00f2ria\">S\u00f2ria<\/option><option value=\"Tarragona\">Tarragona<\/option><option value=\"Terol\">Terol<\/option><option value=\"Toledo\">Toledo<\/option><option value=\"Val\u00e8ncia\">Val\u00e8ncia<\/option><option value=\"Valladolid\">Valladolid<\/option><option value=\"Zamora\">Zamora<\/option><\/select><\/div><\/div><div id=\"um_field_1289_professor-name\" class=\"um-field um-field-text  um-field-professor-name um-field-text um-field-type_text\" data-key=\"professor-name\"><div class=\"um-field-label\"><label for=\"professor-name-1289\">Nom del professor responsable<span class=\"um-req\" title=\"Required\">*<\/span><\/label><span class=\"um-tip um-tip-w\" title=\"Nom i cognoms del professor responsable\"><i class=\"um-icon-help-circled\"><\/i><\/span><div class=\"um-clear\"><\/div><\/div><div class=\"um-field-area\"><input autocomplete=\"off\" class=\"um-form-field valid\" type=\"text\" name=\"professor-name-1289\" id=\"professor-name-1289\" value=\"\" placeholder=\"\" data-validate=\"\" data-key=\"professor-name\" aria-invalid=\"false\">\n\n\t\t\t\t\t\t<\/div><\/div><div id=\"um_field_1289_center-phone\" class=\"um-field um-field-tel  um-field-center-phone um-field-tel um-field-type_tel\" data-key=\"center-phone\"><div class=\"um-field-label\"><div class=\"um-field-label-icon\"><i class=\"fas fa-phone\" aria-label=\"Tel\u00e8fon del professor\"><\/i><\/div><label for=\"center-phone-1289\">Tel\u00e8fon del professor<span class=\"um-req\" title=\"Required\">*<\/span><\/label><div class=\"um-clear\"><\/div><\/div><div class=\"um-field-area\"><input autocomplete=\"off\" class=\"um-form-field valid\" type=\"tel\" name=\"center-phone-1289\" id=\"center-phone-1289\" value=\"\" placeholder=\"Tel\u00e8fon del centre\" data-validate=\"\" data-key=\"center-phone\" aria-invalid=\"false\">\n\n\t\t\t\t\t\t<\/div><\/div><\/div><div class=\"um-clear\"><\/div><\/div><div class=\"um-row _um_row_2\" style=\"margin: 0 0 30px 0;\"><div class=\"um-col-1\"><div id=\"um_field_1289_acceptance\" class=\"um-field um-field-checkbox  um-field-acceptance um-field-checkbox um-field-type_checkbox\" data-key=\"acceptance\" aria-invalid=\"false\"><div class=\"um-field-label\"><label for=\"acceptance-1289\">Accepto la pol\u00edtica de privacitat i els termes i condicions<span class=\"um-req\" title=\"Required\">*<\/span><\/label><div class=\"um-clear\"><\/div><\/div><div class=\"um-field-area\"><label class=\"um-field-checkbox  um-field-half\"><input type=\"checkbox\" name=\"acceptance[]\" value=\"S\u00ed\"><span class=\"um-field-checkbox-state\"><i class=\"um-icon-android-checkbox-outline-blank\"><\/i><\/span><span class=\"um-field-checkbox-option\">S\u00ed<\/span><\/label><div class=\"um-clear\"><\/div><\/div><\/div><\/div><\/div>\t<input type=\"hidden\" name=\"form_id\" id=\"form_id_1289\" value=\"1289\">\n\t\t<p class=\"um_request_name\">\n\t\t<label for=\"um_request_1289\">Only fill in if you are not human<\/label>\n\t\t<input type=\"hidden\" name=\"um_request\" id=\"um_request_1289\" class=\"input\" value=\"\" size=\"25\" autocomplete=\"off\">\n\t<\/p>\n\t<input type=\"hidden\" id=\"_wpnonce\" name=\"_wpnonce\" value=\"13acadd7a7\"><input type=\"hidden\" name=\"_wp_http_referer\" value=\"\/ca\/wp-json\/wp\/v2\/pages\/1295\">\n\t<div class=\"um-col-alt\">\n\n\t\t\n\t\t\t<div class=\"um-left um-half\">\n\t\t\t\t<input type=\"submit\" value=\"Registre\" class=\"um-button\" id=\"um-submit-btn\">\n\t\t\t<\/div>\n\t\t\t<div class=\"um-right um-half\">\n\t\t\t\t<a href=\"https:\/\/prosoponcatalunya.cat\/ca\/login\/\" class=\"um-button um-alt\">\n\t\t\t\t\tInicia Sessi\u00f3\t\t\t\t<\/a>\n\t\t\t<\/div>\n\n\t\t\n\t\t<div class=\"um-clear\"><\/div>\n\n\t<\/div>\n\n\t\t\t<input type=\"hidden\" name=\"trp-form-language\" value=\"ca\"\/><\/form>\n\t<\/div>\n<\/div>\n<style>\n\t\t\t.um-1289.um {\n\t\t\tmax-width: 450px;\n\t\t}\n\t\t<\/style>\n<\/div>\n\t\t\t\t\t\t<\/div>\n\t\t\t\t<\/div>\n\t\t\t\t\t<\/div>\n\t\t<\/div>\n\t\t\t\t<div class=\"elementor-column elementor-col-33 elementor-inner-column elementor-element elementor-element-64b40059\" data-id=\"64b40059\" data-element_type=\"column\" data-e-type=\"column\">\n\t\t\t<div class=\"elementor-widget-wrap\">\n\t\t\t\t\t\t\t<\/div>\n\t\t<\/div>\n\t\t\t\t\t<\/div>\n\t\t<\/section>\n\t\t\t\t<\/div>\n\t\t<\/body>","protected":false},"excerpt":{"rendered":"<p>Inicia sessi\u00f3 Inicia sessi\u00f3 al compte del teu centre per poder reservar entrades i consultar la teva informaci\u00f3<\/p>","protected":false},"author":2,"featured_media":0,"parent":0,"menu_order":0,"comment_status":"closed","ping_status":"closed","template":"elementor_canvas","meta":{"_acf_changed":false,"om_disable_all_campaigns":false,"footnotes":""},"class_list":["post-1295","page","type-page","status-publish","hentry"],"acf":[],"yoast_head":"<!-- This site is optimized with the Yoast SEO plugin v27.4 - https:\/\/yoast.com\/product\/yoast-seo-wordpress\/ -->\n<title>Registre - Teatre Grecollat\u00ed<\/title>\n<meta name=\"robots\" content=\"index, follow, max-snippet:-1, max-image-preview:large, max-video-preview:-1\" \/>\n<link rel=\"canonical\" href=\"https:\/\/prosoponcatalunya.cat\/ca\/registre\/\" \/>\n<meta property=\"og:locale\" content=\"ca_ES\" \/>\n<meta property=\"og:type\" content=\"article\" \/>\n<meta property=\"og:title\" content=\"Registre - Teatre Grecollat\u00ed\" \/>\n<meta property=\"og:description\" content=\"Inicia sessi\u00f3 Inicia sessi\u00f3 al compte del teu centre per poder reservar entrades i consultar la teva informaci\u00f3\" \/>\n<meta property=\"og:url\" content=\"https:\/\/prosoponcatalunya.cat\/ca\/registre\/\" \/>\n<meta property=\"og:site_name\" content=\"Teatre Grecollat\u00ed\" \/>\n<meta property=\"article:modified_time\" content=\"2024-08-06T13:11:44+00:00\" \/>\n<meta name=\"twitter:card\" content=\"summary_large_image\" \/>\n<meta name=\"twitter:label1\" content=\"Temps estimat de lectura\" \/>\n\t<meta name=\"twitter:data1\" content=\"1 minut\" \/>\n<script type=\"application\/ld+json\" class=\"yoast-schema-graph\">{\"@context\":\"https:\\\/\\\/schema.org\",\"@graph\":[{\"@type\":\"WebPage\",\"@id\":\"https:\\\/\\\/prosoponcatalunya.cat\\\/registre\\\/\",\"url\":\"https:\\\/\\\/prosoponcatalunya.cat\\\/registre\\\/\",\"name\":\"Registre - Teatre Grecollat\u00ed\",\"isPartOf\":{\"@id\":\"https:\\\/\\\/prosoponcatalunya.cat\\\/#website\"},\"datePublished\":\"2024-08-06T11:51:29+00:00\",\"dateModified\":\"2024-08-06T13:11:44+00:00\",\"inLanguage\":\"ca\",\"potentialAction\":[{\"@type\":\"ReadAction\",\"target\":[\"https:\\\/\\\/prosoponcatalunya.cat\\\/registre\\\/\"]}]},{\"@type\":\"WebSite\",\"@id\":\"https:\\\/\\\/prosoponcatalunya.cat\\\/#website\",\"url\":\"https:\\\/\\\/prosoponcatalunya.cat\\\/\",\"name\":\"Teatre Grecollat\u00ed\",\"description\":\"El festival juvenil de teatre grecollat\u00ed de refer\u00e8ncia a Catalunya.\",\"publisher\":{\"@id\":\"https:\\\/\\\/prosoponcatalunya.cat\\\/#organization\"},\"potentialAction\":[{\"@type\":\"SearchAction\",\"target\":{\"@type\":\"EntryPoint\",\"urlTemplate\":\"https:\\\/\\\/prosoponcatalunya.cat\\\/?s={search_term_string}\"},\"query-input\":{\"@type\":\"PropertyValueSpecification\",\"valueRequired\":true,\"valueName\":\"search_term_string\"}}],\"inLanguage\":\"ca\"},{\"@type\":\"Organization\",\"@id\":\"https:\\\/\\\/prosoponcatalunya.cat\\\/#organization\",\"name\":\"Teatre Grecollat\u00ed\",\"url\":\"https:\\\/\\\/prosoponcatalunya.cat\\\/\",\"logo\":{\"@type\":\"ImageObject\",\"inLanguage\":\"ca\",\"@id\":\"https:\\\/\\\/prosoponcatalunya.cat\\\/#\\\/schema\\\/logo\\\/image\\\/\",\"url\":\"https:\\\/\\\/i0.wp.com\\\/prosoponcatalunya.cat\\\/wp-content\\\/uploads\\\/2024\\\/10\\\/cropped-Full_Logo_Black.png?fit=1419%2C1442&ssl=1\",\"contentUrl\":\"https:\\\/\\\/i0.wp.com\\\/prosoponcatalunya.cat\\\/wp-content\\\/uploads\\\/2024\\\/10\\\/cropped-Full_Logo_Black.png?fit=1419%2C1442&ssl=1\",\"width\":1419,\"height\":1442,\"caption\":\"Teatre Grecollat\u00ed\"},\"image\":{\"@id\":\"https:\\\/\\\/prosoponcatalunya.cat\\\/#\\\/schema\\\/logo\\\/image\\\/\"}}]}<\/script>\n<!-- \/ Yoast SEO plugin. -->","yoast_head_json":{"title":"Registre - Teatre Grecollat\u00ed","robots":{"index":"index","follow":"follow","max-snippet":"max-snippet:-1","max-image-preview":"max-image-preview:large","max-video-preview":"max-video-preview:-1"},"canonical":"https:\/\/prosoponcatalunya.cat\/ca\/registre\/","og_locale":"ca_ES","og_type":"article","og_title":"Registre - Teatre Grecollat\u00ed","og_description":"Inicia sessi\u00f3 Inicia sessi\u00f3 al compte del teu centre per poder reservar entrades i consultar la teva informaci\u00f3","og_url":"https:\/\/prosoponcatalunya.cat\/ca\/registre\/","og_site_name":"Teatre Grecollat\u00ed","article_modified_time":"2024-08-06T13:11:44+00:00","twitter_card":"summary_large_image","twitter_misc":{"Temps estimat de lectura":"1 minut"},"schema":{"@context":"https:\/\/schema.org","@graph":[{"@type":"WebPage","@id":"https:\/\/prosoponcatalunya.cat\/registre\/","url":"https:\/\/prosoponcatalunya.cat\/registre\/","name":"Registre - Teatre Grecollat\u00ed","isPartOf":{"@id":"https:\/\/prosoponcatalunya.cat\/#website"},"datePublished":"2024-08-06T11:51:29+00:00","dateModified":"2024-08-06T13:11:44+00:00","inLanguage":"ca","potentialAction":[{"@type":"ReadAction","target":["https:\/\/prosoponcatalunya.cat\/registre\/"]}]},{"@type":"WebSite","@id":"https:\/\/prosoponcatalunya.cat\/#website","url":"https:\/\/prosoponcatalunya.cat\/","name":"Teatre Grecollat\u00ed","description":"El festival juvenil de teatre grecollat\u00ed de refer\u00e8ncia a Catalunya.","publisher":{"@id":"https:\/\/prosoponcatalunya.cat\/#organization"},"potentialAction":[{"@type":"SearchAction","target":{"@type":"EntryPoint","urlTemplate":"https:\/\/prosoponcatalunya.cat\/?s={search_term_string}"},"query-input":{"@type":"PropertyValueSpecification","valueRequired":true,"valueName":"search_term_string"}}],"inLanguage":"ca"},{"@type":"Organization","@id":"https:\/\/prosoponcatalunya.cat\/#organization","name":"Teatre Grecollat\u00ed","url":"https:\/\/prosoponcatalunya.cat\/","logo":{"@type":"ImageObject","inLanguage":"ca","@id":"https:\/\/prosoponcatalunya.cat\/#\/schema\/logo\/image\/","url":"https:\/\/i0.wp.com\/prosoponcatalunya.cat\/wp-content\/uploads\/2024\/10\/cropped-Full_Logo_Black.png?fit=1419%2C1442&ssl=1","contentUrl":"https:\/\/i0.wp.com\/prosoponcatalunya.cat\/wp-content\/uploads\/2024\/10\/cropped-Full_Logo_Black.png?fit=1419%2C1442&ssl=1","width":1419,"height":1442,"caption":"Teatre Grecollat\u00ed"},"image":{"@id":"https:\/\/prosoponcatalunya.cat\/#\/schema\/logo\/image\/"}}]}},"jetpack_sharing_enabled":true,"_links":{"self":[{"href":"https:\/\/prosoponcatalunya.cat\/ca\/wp-json\/wp\/v2\/pages\/1295","targetHints":{"allow":["GET"]}}],"collection":[{"href":"https:\/\/prosoponcatalunya.cat\/ca\/wp-json\/wp\/v2\/pages"}],"about":[{"href":"https:\/\/prosoponcatalunya.cat\/ca\/wp-json\/wp\/v2\/types\/page"}],"author":[{"embeddable":true,"href":"https:\/\/prosoponcatalunya.cat\/ca\/wp-json\/wp\/v2\/users\/2"}],"replies":[{"embeddable":true,"href":"https:\/\/prosoponcatalunya.cat\/ca\/wp-json\/wp\/v2\/comments?post=1295"}],"version-history":[{"count":10,"href":"https:\/\/prosoponcatalunya.cat\/ca\/wp-json\/wp\/v2\/pages\/1295\/revisions"}],"predecessor-version":[{"id":1371,"href":"https:\/\/prosoponcatalunya.cat\/ca\/wp-json\/wp\/v2\/pages\/1295\/revisions\/1371"}],"wp:attachment":[{"href":"https:\/\/prosoponcatalunya.cat\/ca\/wp-json\/wp\/v2\/media?parent=1295"}],"curies":[{"name":"wp","href":"https:\/\/api.w.org\/{rel}","templated":true}]}}