{"id":1299,"date":"2024-08-06T11:51:30","date_gmt":"2024-08-06T11:51:30","guid":{"rendered":"https:\/\/jovial-mccarthy.93-93-118-239.plesk.page\/password-reset\/"},"modified":"2024-08-06T13:01:57","modified_gmt":"2024-08-06T13:01:57","slug":"password-reset","status":"publish","type":"page","link":"https:\/\/prosoponcatalunya.cat\/ca\/password-reset\/","title":{"rendered":"Password Reset"},"content":{"rendered":"<body>\t\t<div data-elementor-type=\"wp-page\" data-elementor-id=\"1299\" class=\"elementor elementor-1299\" data-elementor-settings='{\"ha_cmc_init_switcher\":\"no\"}' data-elementor-post-type=\"page\">\n\t\t\t\t<div class=\"elementor-element elementor-element-ae44248 e-flex e-con-boxed e-con e-parent\" data-id=\"ae44248\" data-element_type=\"container\" data-e-type=\"container\" data-settings='{\"_ha_eqh_enable\":false}'>\n\t\t\t\t\t<div class=\"e-con-inner\">\n\t\t<div class=\"elementor-element elementor-element-8313a2a e-con-full e-flex e-con e-child\" data-id=\"8313a2a\" data-element_type=\"container\" data-e-type=\"container\" data-settings='{\"_ha_eqh_enable\":false}'>\n\t\t\t\t<div class=\"elementor-element elementor-element-1722fc7 elementor-view-default elementor-widget elementor-widget-icon\" data-id=\"1722fc7\" data-element_type=\"widget\" data-e-type=\"widget\" data-widget_type=\"icon.default\">\n\t\t\t\t<div class=\"elementor-widget-container\">\n\t\t\t\t\t\t\t<div class=\"elementor-icon-wrapper\">\n\t\t\t<a class=\"elementor-icon\" href=\"https:\/\/prosoponcatalunya.cat\/ca\/\">\n\t\t\t<svg aria-hidden=\"true\" class=\"e-font-icon-svg e-far-arrow-alt-circle-left\" viewbox=\"0 0 512 512\" xmlns=\"http:\/\/www.w3.org\/2000\/svg\"><path d=\"M8 256c0 137 111 248 248 248s248-111 248-248S393 8 256 8 8 119 8 256zm448 0c0 110.5-89.5 200-200 200S56 366.5 56 256 145.5 56 256 56s200 89.5 200 200zm-72-20v40c0 6.6-5.4 12-12 12H256v67c0 10.7-12.9 16-20.5 8.5l-99-99c-4.7-4.7-4.7-12.3 0-17l99-99c7.6-7.6 20.5-2.2 20.5 8.5v67h116c6.6 0 12 5.4 12 12z\"><\/path><\/svg>\t\t\t<\/a>\n\t\t<\/div>\n\t\t\t\t\t\t<\/div>\n\t\t\t\t<\/div>\n\t\t\t\t<\/div>\n\t\t<div class=\"elementor-element elementor-element-44eadad e-con-full e-flex e-con e-child\" data-id=\"44eadad\" data-element_type=\"container\" data-e-type=\"container\" data-settings='{\"_ha_eqh_enable\":false}'>\n\t\t\t\t<\/div>\n\t\t\t\t\t<\/div>\n\t\t\t\t<\/div>\n\t\t\t\t<section class=\"elementor-section elementor-inner-section elementor-element elementor-element-15debc83 elementor-section-boxed elementor-section-height-default elementor-section-height-default\" data-id=\"15debc83\" data-element_type=\"section\" data-e-type=\"section\" data-settings='{\"_ha_eqh_enable\":false}'>\n\t\t\t\t\t\t<div class=\"elementor-container elementor-column-gap-default\">\n\t\t\t\t\t<div class=\"elementor-column elementor-col-100 elementor-inner-column elementor-element elementor-element-65ceb3ab\" data-id=\"65ceb3ab\" data-element_type=\"column\" data-e-type=\"column\">\n\t\t\t<div class=\"elementor-widget-wrap elementor-element-populated\">\n\t\t\t\t\t\t<div class=\"elementor-element elementor-element-69a4741b elementor-widget elementor-widget-heading\" data-id=\"69a4741b\" data-element_type=\"widget\" data-e-type=\"widget\" data-widget_type=\"heading.default\">\n\t\t\t\t<div class=\"elementor-widget-container\">\n\t\t\t\t\t<h1 class=\"elementor-heading-title elementor-size-default\">Recupera la teva clau<\/h1>\t\t\t\t<\/div>\n\t\t\t\t<\/div>\n\t\t\t\t<div class=\"elementor-element elementor-element-74662e96 elementor-widget elementor-widget-text-editor\" data-id=\"74662e96\" data-element_type=\"widget\" data-e-type=\"widget\" data-widget_type=\"text-editor.default\">\n\t\t\t\t<div class=\"elementor-widget-container\">\n\t\t\t\t\t\t\t\t\t<p>Introdueix el correu del teu centre<\/p>\t\t\t\t\t\t\t\t<\/div>\n\t\t\t\t<\/div>\n\t\t\t\t\t<\/div>\n\t\t<\/div>\n\t\t\t\t\t<\/div>\n\t\t<\/section>\n\t\t\t\t<section class=\"elementor-section elementor-inner-section elementor-element elementor-element-a5023b7 elementor-section-boxed elementor-section-height-default elementor-section-height-default\" data-id=\"a5023b7\" data-element_type=\"section\" data-e-type=\"section\" data-settings='{\"_ha_eqh_enable\":false}'>\n\t\t\t\t\t\t<div class=\"elementor-container elementor-column-gap-default\">\n\t\t\t\t\t<div class=\"elementor-column elementor-col-33 elementor-inner-column elementor-element elementor-element-2764f78d\" data-id=\"2764f78d\" data-element_type=\"column\" data-e-type=\"column\">\n\t\t\t<div class=\"elementor-widget-wrap\">\n\t\t\t\t\t\t\t<\/div>\n\t\t<\/div>\n\t\t\t\t<div class=\"elementor-column elementor-col-33 elementor-inner-column elementor-element elementor-element-bdbf3ba\" data-id=\"bdbf3ba\" data-element_type=\"column\" data-e-type=\"column\" data-settings='{\"background_background\":\"classic\"}'>\n\t\t\t<div class=\"elementor-widget-wrap elementor-element-populated\">\n\t\t\t\t\t\t<div class=\"elementor-element elementor-element-18b43203 elementor-widget elementor-widget-shortcode\" data-id=\"18b43203\" data-element_type=\"widget\" data-e-type=\"widget\" data-widget_type=\"shortcode.default\">\n\t\t\t\t<div class=\"elementor-widget-container\">\n\t\t\t\t\t\t\t<div class=\"elementor-shortcode\"><div class=\"um um-password um-um_password_id\">\n\t<div class=\"um-form\">\n\t\t<form method=\"post\" action=\"\" data-trp-original-action=\"\">\n\t\t\t\n\t\t\t\t<input type=\"hidden\" name=\"_um_password_reset\" id=\"_um_password_reset\" value=\"1\">\n\n\t\t\t\t\t\t\t\t\t<div class=\"um-field um-field-block um-field-type_block\">\n\t\t\t\t\t\t<div class=\"um-field-block\">\n\t\t\t\t\t\t\t<div style=\"text-align:center;\">\n\t\t\t\t\t\t\t\tTo reset your password, please enter your email address or username below.\t\t\t\t\t\t\t<\/div>\n\t\t\t\t\t\t<\/div>\n\t\t\t\t\t<\/div>\n\t\t\t\t\t<div id=\"um_field_0_username_b\" class=\"um-field um-field-text  um-field-username_b um-field-text um-field-type_text\" data-key=\"username_b\"><div class=\"um-field-area\"><input autocomplete=\"off\" class=\"um-form-field valid\" type=\"text\" name=\"username_b\" id=\"username_b\" value=\"\" placeholder=\"Enter your username or email\" data-validate=\"\" data-key=\"username_b\" aria-invalid=\"false\">\n\n\t\t\t\t\t\t<\/div><\/div>\t\t\t\t<div class=\"um-col-alt um-col-alt-b\">\n\t\t\t\t\t<div class=\"um-center\">\n\t\t\t\t\t\t<input type=\"submit\" value=\"Reset password\" class=\"um-button\" id=\"um-submit-btn\">\n\t\t\t\t\t<\/div>\n\t\t\t\t\t<div class=\"um-clear\"><\/div>\n\t\t\t\t<\/div>\n\t\t\t\t\t<input type=\"hidden\" name=\"form_id\" id=\"form_id_um_password_id\" value=\"um_password_id\">\n\t\t<p class=\"um_request_name\">\n\t\t<label for=\"um_request_um_password_id\">Only fill in if you are not human<\/label>\n\t\t<input type=\"hidden\" name=\"um_request\" id=\"um_request_um_password_id\" class=\"input\" value=\"\" size=\"25\" autocomplete=\"off\">\n\t<\/p>\n\t\t\t<input type=\"hidden\" name=\"trp-form-language\" value=\"ca\"\/><\/form>\n\t<\/div>\n<\/div>\n<style>\n\t\t\t.um-um_password_id.um {\n\t\t\tmax-width: 450px;\n\t\t}\n\t\t<\/style>\n<\/div>\n\t\t\t\t\t\t<\/div>\n\t\t\t\t<\/div>\n\t\t\t\t\t<\/div>\n\t\t<\/div>\n\t\t\t\t<div class=\"elementor-column elementor-col-33 elementor-inner-column elementor-element elementor-element-3e64d30f\" data-id=\"3e64d30f\" data-element_type=\"column\" data-e-type=\"column\">\n\t\t\t<div class=\"elementor-widget-wrap\">\n\t\t\t\t\t\t\t<\/div>\n\t\t<\/div>\n\t\t\t\t\t<\/div>\n\t\t<\/section>\n\t\t\t\t<\/div>\n\t\t<\/body>","protected":false},"excerpt":{"rendered":"<p>Recupera la teva clau Introdueix el correu del teu centre<\/p>","protected":false},"author":2,"featured_media":0,"parent":0,"menu_order":0,"comment_status":"closed","ping_status":"closed","template":"elementor_canvas","meta":{"_acf_changed":false,"om_disable_all_campaigns":false,"footnotes":""},"class_list":["post-1299","page","type-page","status-publish","hentry"],"acf":[],"yoast_head":"<!-- This site is optimized with the Yoast SEO plugin v27.4 - https:\/\/yoast.com\/product\/yoast-seo-wordpress\/ -->\n<title>Password Reset - Teatre Grecollat\u00ed<\/title>\n<meta name=\"robots\" content=\"index, follow, max-snippet:-1, max-image-preview:large, max-video-preview:-1\" \/>\n<link rel=\"canonical\" href=\"https:\/\/prosoponcatalunya.cat\/ca\/password-reset\/\" \/>\n<meta property=\"og:locale\" content=\"ca_ES\" \/>\n<meta property=\"og:type\" content=\"article\" \/>\n<meta property=\"og:title\" content=\"Password Reset - Teatre Grecollat\u00ed\" \/>\n<meta property=\"og:description\" content=\"Recupera la teva clau Introdueix el correu del teu centre\" \/>\n<meta property=\"og:url\" content=\"https:\/\/prosoponcatalunya.cat\/ca\/password-reset\/\" \/>\n<meta property=\"og:site_name\" content=\"Teatre Grecollat\u00ed\" \/>\n<meta property=\"article:modified_time\" content=\"2024-08-06T13:01:57+00:00\" \/>\n<meta name=\"twitter:card\" content=\"summary_large_image\" \/>\n<meta name=\"twitter:label1\" content=\"Temps estimat de lectura\" \/>\n\t<meta name=\"twitter:data1\" content=\"1 minut\" \/>\n<script type=\"application\/ld+json\" class=\"yoast-schema-graph\">{\"@context\":\"https:\\\/\\\/schema.org\",\"@graph\":[{\"@type\":\"WebPage\",\"@id\":\"https:\\\/\\\/prosoponcatalunya.cat\\\/password-reset\\\/\",\"url\":\"https:\\\/\\\/prosoponcatalunya.cat\\\/password-reset\\\/\",\"name\":\"Password Reset - Teatre Grecollat\u00ed\",\"isPartOf\":{\"@id\":\"https:\\\/\\\/prosoponcatalunya.cat\\\/#website\"},\"datePublished\":\"2024-08-06T11:51:30+00:00\",\"dateModified\":\"2024-08-06T13:01:57+00:00\",\"inLanguage\":\"ca\",\"potentialAction\":[{\"@type\":\"ReadAction\",\"target\":[\"https:\\\/\\\/prosoponcatalunya.cat\\\/password-reset\\\/\"]}]},{\"@type\":\"WebSite\",\"@id\":\"https:\\\/\\\/prosoponcatalunya.cat\\\/#website\",\"url\":\"https:\\\/\\\/prosoponcatalunya.cat\\\/\",\"name\":\"Teatre Grecollat\u00ed\",\"description\":\"El festival juvenil de teatre grecollat\u00ed de refer\u00e8ncia a Catalunya.\",\"publisher\":{\"@id\":\"https:\\\/\\\/prosoponcatalunya.cat\\\/#organization\"},\"potentialAction\":[{\"@type\":\"SearchAction\",\"target\":{\"@type\":\"EntryPoint\",\"urlTemplate\":\"https:\\\/\\\/prosoponcatalunya.cat\\\/?s={search_term_string}\"},\"query-input\":{\"@type\":\"PropertyValueSpecification\",\"valueRequired\":true,\"valueName\":\"search_term_string\"}}],\"inLanguage\":\"ca\"},{\"@type\":\"Organization\",\"@id\":\"https:\\\/\\\/prosoponcatalunya.cat\\\/#organization\",\"name\":\"Teatre Grecollat\u00ed\",\"url\":\"https:\\\/\\\/prosoponcatalunya.cat\\\/\",\"logo\":{\"@type\":\"ImageObject\",\"inLanguage\":\"ca\",\"@id\":\"https:\\\/\\\/prosoponcatalunya.cat\\\/#\\\/schema\\\/logo\\\/image\\\/\",\"url\":\"https:\\\/\\\/i0.wp.com\\\/prosoponcatalunya.cat\\\/wp-content\\\/uploads\\\/2024\\\/10\\\/cropped-Full_Logo_Black.png?fit=1419%2C1442&ssl=1\",\"contentUrl\":\"https:\\\/\\\/i0.wp.com\\\/prosoponcatalunya.cat\\\/wp-content\\\/uploads\\\/2024\\\/10\\\/cropped-Full_Logo_Black.png?fit=1419%2C1442&ssl=1\",\"width\":1419,\"height\":1442,\"caption\":\"Teatre Grecollat\u00ed\"},\"image\":{\"@id\":\"https:\\\/\\\/prosoponcatalunya.cat\\\/#\\\/schema\\\/logo\\\/image\\\/\"}}]}<\/script>\n<!-- \/ Yoast SEO plugin. -->","yoast_head_json":{"title":"Password Reset - Teatre Grecollat\u00ed","robots":{"index":"index","follow":"follow","max-snippet":"max-snippet:-1","max-image-preview":"max-image-preview:large","max-video-preview":"max-video-preview:-1"},"canonical":"https:\/\/prosoponcatalunya.cat\/ca\/password-reset\/","og_locale":"ca_ES","og_type":"article","og_title":"Password Reset - Teatre Grecollat\u00ed","og_description":"Recupera la teva clau Introdueix el correu del teu centre","og_url":"https:\/\/prosoponcatalunya.cat\/ca\/password-reset\/","og_site_name":"Teatre Grecollat\u00ed","article_modified_time":"2024-08-06T13:01:57+00:00","twitter_card":"summary_large_image","twitter_misc":{"Temps estimat de lectura":"1 minut"},"schema":{"@context":"https:\/\/schema.org","@graph":[{"@type":"WebPage","@id":"https:\/\/prosoponcatalunya.cat\/password-reset\/","url":"https:\/\/prosoponcatalunya.cat\/password-reset\/","name":"Password Reset - Teatre Grecollat\u00ed","isPartOf":{"@id":"https:\/\/prosoponcatalunya.cat\/#website"},"datePublished":"2024-08-06T11:51:30+00:00","dateModified":"2024-08-06T13:01:57+00:00","inLanguage":"ca","potentialAction":[{"@type":"ReadAction","target":["https:\/\/prosoponcatalunya.cat\/password-reset\/"]}]},{"@type":"WebSite","@id":"https:\/\/prosoponcatalunya.cat\/#website","url":"https:\/\/prosoponcatalunya.cat\/","name":"Teatre Grecollat\u00ed","description":"El festival juvenil de teatre grecollat\u00ed de refer\u00e8ncia a Catalunya.","publisher":{"@id":"https:\/\/prosoponcatalunya.cat\/#organization"},"potentialAction":[{"@type":"SearchAction","target":{"@type":"EntryPoint","urlTemplate":"https:\/\/prosoponcatalunya.cat\/?s={search_term_string}"},"query-input":{"@type":"PropertyValueSpecification","valueRequired":true,"valueName":"search_term_string"}}],"inLanguage":"ca"},{"@type":"Organization","@id":"https:\/\/prosoponcatalunya.cat\/#organization","name":"Teatre Grecollat\u00ed","url":"https:\/\/prosoponcatalunya.cat\/","logo":{"@type":"ImageObject","inLanguage":"ca","@id":"https:\/\/prosoponcatalunya.cat\/#\/schema\/logo\/image\/","url":"https:\/\/i0.wp.com\/prosoponcatalunya.cat\/wp-content\/uploads\/2024\/10\/cropped-Full_Logo_Black.png?fit=1419%2C1442&ssl=1","contentUrl":"https:\/\/i0.wp.com\/prosoponcatalunya.cat\/wp-content\/uploads\/2024\/10\/cropped-Full_Logo_Black.png?fit=1419%2C1442&ssl=1","width":1419,"height":1442,"caption":"Teatre Grecollat\u00ed"},"image":{"@id":"https:\/\/prosoponcatalunya.cat\/#\/schema\/logo\/image\/"}}]}},"jetpack_sharing_enabled":true,"_links":{"self":[{"href":"https:\/\/prosoponcatalunya.cat\/ca\/wp-json\/wp\/v2\/pages\/1299","targetHints":{"allow":["GET"]}}],"collection":[{"href":"https:\/\/prosoponcatalunya.cat\/ca\/wp-json\/wp\/v2\/pages"}],"about":[{"href":"https:\/\/prosoponcatalunya.cat\/ca\/wp-json\/wp\/v2\/types\/page"}],"author":[{"embeddable":true,"href":"https:\/\/prosoponcatalunya.cat\/ca\/wp-json\/wp\/v2\/users\/2"}],"replies":[{"embeddable":true,"href":"https:\/\/prosoponcatalunya.cat\/ca\/wp-json\/wp\/v2\/comments?post=1299"}],"version-history":[{"count":3,"href":"https:\/\/prosoponcatalunya.cat\/ca\/wp-json\/wp\/v2\/pages\/1299\/revisions"}],"predecessor-version":[{"id":1363,"href":"https:\/\/prosoponcatalunya.cat\/ca\/wp-json\/wp\/v2\/pages\/1299\/revisions\/1363"}],"wp:attachment":[{"href":"https:\/\/prosoponcatalunya.cat\/ca\/wp-json\/wp\/v2\/media?parent=1299"}],"curies":[{"name":"wp","href":"https:\/\/api.w.org\/{rel}","templated":true}]}}