{"id":1837,"date":"2024-08-21T18:54:56","date_gmt":"2024-08-21T18:54:56","guid":{"rendered":"https:\/\/jovial-mccarthy.93-93-118-239.plesk.page\/?page_id=1837"},"modified":"2026-02-08T19:58:56","modified_gmt":"2026-02-08T17:58:56","slug":"avis-legal","status":"publish","type":"page","link":"https:\/\/prosoponcatalunya.cat\/ca\/avis-legal\/","title":{"rendered":"Av\u00eds legal"},"content":{"rendered":"<body>\t\t<div data-elementor-type=\"wp-page\" data-elementor-id=\"1837\" class=\"elementor elementor-1837\" data-elementor-settings='{\"ha_cmc_init_switcher\":\"no\"}' data-elementor-post-type=\"page\">\n\t\t\t\t<div class=\"elementor-element elementor-element-27a91060 e-con-full e-flex e-con e-parent\" data-id=\"27a91060\" data-element_type=\"container\" data-e-type=\"container\" data-settings='{\"_ha_eqh_enable\":false}'>\n\t\t<div class=\"elementor-element elementor-element-2e0decac e-con-full e-flex e-con e-child\" data-id=\"2e0decac\" data-element_type=\"container\" data-e-type=\"container\" data-settings='{\"background_background\":\"classic\",\"_ha_eqh_enable\":false}'>\n\t\t\t\t<div class=\"elementor-element elementor-element-5f1048b8 elementor-widget elementor-widget-breadcrumbs\" data-id=\"5f1048b8\" data-element_type=\"widget\" data-e-type=\"widget\" data-widget_type=\"breadcrumbs.default\">\n\t\t\t\t<div class=\"elementor-widget-container\">\n\t\t\t\t\t<p id=\"breadcrumbs\"><\/p>\t\t\t\t<\/div>\n\t\t\t\t<\/div>\n\t\t\t\t<\/div>\n\t\t\t\t<\/div>\n\t\t<div class=\"elementor-element elementor-element-1c43537 e-con-full footers e-flex e-con e-parent\" data-id=\"1c43537\" data-element_type=\"container\" data-e-type=\"container\" data-settings='{\"background_background\":\"classic\",\"_ha_eqh_enable\":false}'>\n\t\t<div class=\"elementor-element elementor-element-4e277184 e-flex e-con-boxed e-con e-child\" data-id=\"4e277184\" data-element_type=\"container\" data-e-type=\"container\" data-settings='{\"background_background\":\"classic\",\"_ha_eqh_enable\":false}'>\n\t\t\t\t\t<div class=\"e-con-inner\">\n\t\t\t\t<div class=\"elementor-element elementor-element-566c54f8 elementor-widget elementor-widget-text-editor\" data-id=\"566c54f8\" data-element_type=\"widget\" data-e-type=\"widget\" data-widget_type=\"text-editor.default\">\n\t\t\t\t<div class=\"elementor-widget-container\">\n\t\t\t\t\t\t\t\t\t<ol>\n<li><strong> Dades identificatives<\/strong><\/li>\n<\/ol>\n<p>En compliment del que estableix la Llei 34\/2002, de l\u201911 de juliol, de serveis de la societat de la informaci\u00f3 i de comer\u00e7 electr\u00f2nic, s\u2019informa dels seg\u00fcents aspectes legals:<\/p>\n<ul>\n<li><strong>Nom de domini:<\/strong> <a href=\"https:\/\/prosoponcatalunya.cat\/ca\/\">www.prosoponcatalunya.cat<\/a><\/li>\n<li><strong>Denominaci\u00f3 social:<\/strong> Societat Catalana de Teatre Grecollat\u00ed<\/li>\n<li><strong>NIF:<\/strong> G43653500<\/li>\n<li><strong>Domicili social:<\/strong> Universitat Rovira i Virgili. Facultat de Lletres. Departament de Filologia Catalana. Secci\u00f3 de Llengua i Literatura Gregues. Av. Catalunya, 35, 43002 Tarragona<\/li>\n<li><strong>Activitat social:<\/strong> Associaci\u00f3 cultural sense \u00e0nim de lucre. Organitzaci\u00f3 d\u2019espectacles teatrals.<\/li>\n<li><strong style=\"background-color: transparent;\">Email de contacte:<\/strong><span style=\"background-color: transparent;\"> prosoponcatalunya@gmail.com<\/span><\/li>\n<\/ul>\n<ol start=\"2\">\n<li><strong> Propietat intel\u00b7lectual i industrial<\/strong><\/li>\n<\/ol>\n<p>Els continguts d\u2019aquest lloc web, incloent-hi, entre altres, imatges, logotips, gr\u00e0fics, animacions, textos o aplicacions inform\u00e0tiques, qualsevol que sigui el seu format, llenguatge de programaci\u00f3 i forma de representaci\u00f3, aix\u00ed com el nom de domini <a href=\"https:\/\/prosoponcatalunya.cat\/ca\/\">www.prosoponcatalunya.cat<\/a> s\u00f3n propietat de la Societat Catalana de Teatre Grecollat\u00ed, o b\u00e9 ha adquirit els drets corresponents dels seus propietaris, i estan protegits per les lleis i tractats internacionals en mat\u00e8ria de propietat intel\u00b7lectual i, si escau, industrial, aix\u00ed com per les normes reguladores dels noms de domini.<\/p>\n<p>Queda prohibida qualsevol forma de reproducci\u00f3, distribuci\u00f3, comunicaci\u00f3 p\u00fablica, transformaci\u00f3, posada a disposici\u00f3 i, en general, qualsevol altre acte d\u2019explotaci\u00f3 p\u00fablica referit tant a la web com als seus continguts i informaci\u00f3, sense el consentiment expr\u00e9s i previ per escrit de la Societat Catalana de Teatre Grecollat\u00ed.<\/p>\n<ol start=\"3\">\n<li><strong> Condicions d\u2019\u00fas<\/strong><\/li>\n<\/ol>\n<p>Aquest lloc web ha estat creat per la Societat Catalana de Teatre Grecollat\u00ed amb car\u00e0cter informatiu per al seu \u00fas personal i gratu\u00eft. L\u2019acc\u00e9s a aquest lloc web implica el coneixement i acceptaci\u00f3 dels seg\u00fcents termes i condicions:<\/p>\n<ul>\n<li>L\u2019\u00fas de <a href=\"https:\/\/prosoponcatalunya.cat\/ca\/\">www.prosoponcatalunya.cat<\/a> \u00e9s responsabilitat \u00fanica i exclusiva dels usuaris.<\/li>\n<li>L\u2019usuari es compromet a fer un \u00fas adequat dels continguts i serveis d\u2019acord amb la legislaci\u00f3 vigent.<\/li>\n<li>Queda expressament prohibit l\u2019\u00fas del lloc web amb fins lesius per als b\u00e9ns o interessos de la Societat Catalana de Teatre Grecollat\u00ed o de tercers, o que de qualsevol altra forma sobrecarreguin, danyin o inutilitzin les xarxes, servidors i altres equips inform\u00e0tics o productes i aplicacions inform\u00e0tiques de la Societat Catalana de Teatre Grecollat\u00ed o de tercers.<\/li>\n<\/ul>\n<ol start=\"4\">\n<li><strong> Limitaci\u00f3 de responsabilitat<\/strong><\/li>\n<\/ol>\n<p>La Societat Catalana de Teatre Grecollat\u00ed no es fa responsable dels danys o perjudicis que es puguin derivar d\u2019un mal \u00fas d\u2019aquesta web o del seu contingut, ni de qualsevol actuaci\u00f3 realitzada sobre la base de la informaci\u00f3 que s\u2019hi facilita. La Societat Catalana de Teatre Grecollat\u00ed no garanteix la inexist\u00e8ncia d\u2019errors en l\u2019acc\u00e9s a la web o en el seu contingut ni que aquesta es trobi actualitzada.<\/p>\n<ol start=\"5\">\n<li><strong> Modificacions<\/strong><\/li>\n<\/ol>\n<p>La Societat Catalana de Teatre Grecollat\u00ed es reserva el dret a modificar, en qualsevol moment i sense previ av\u00eds, la presentaci\u00f3, configuraci\u00f3 i continguts del lloc web, aix\u00ed com l\u2019av\u00eds legal, les condicions d\u2019\u00fas, i qualsevol altra informaci\u00f3 que pugui apar\u00e8ixer en aquest lloc web.<\/p>\n<ol start=\"6\">\n<li><strong> Legislaci\u00f3 aplicable i jurisdicci\u00f3<\/strong><\/li>\n<\/ol>\n<p>Les presents condicions d\u2019\u00fas es regiran i interpretaran d\u2019acord amb la legislaci\u00f3 espanyola en all\u00f2 que no estigui expressament establert. Per a qualsevol controv\u00e8rsia que pogu\u00e9s derivar-se de l\u2019acc\u00e9s o \u00fas d\u2019aquest lloc web, ser\u00e0 competent la jurisdicci\u00f3 dels jutjats i tribunals de la ciutat de Tarragona.<\/p>\t\t\t\t\t\t\t\t<\/div>\n\t\t\t\t<\/div>\n\t\t\t\t\t<\/div>\n\t\t\t\t<\/div>\n\t\t\t\t<\/div>\n\t\t<div class=\"elementor-element elementor-element-2449134d e-flex e-con-boxed e-con e-parent\" data-id=\"2449134d\" data-element_type=\"container\" data-e-type=\"container\" data-settings='{\"background_background\":\"classic\",\"_ha_eqh_enable\":false}'>\n\t\t\t\t\t<div class=\"e-con-inner\">\n\t\t<div class=\"elementor-element elementor-element-7ae3c0da e-flex e-con-boxed e-con e-child\" data-id=\"7ae3c0da\" data-element_type=\"container\" data-e-type=\"container\" data-settings='{\"_ha_eqh_enable\":false}'>\n\t\t\t\t\t<div class=\"e-con-inner\">\n\t\t\t\t<div class=\"elementor-element elementor-element-5235b8d9 elementor-widget elementor-widget-text-editor\" data-id=\"5235b8d9\" data-element_type=\"widget\" data-e-type=\"widget\" data-widget_type=\"text-editor.default\">\n\t\t\t\t<div class=\"elementor-widget-container\">\n\t\t\t\t\t\t\t\t\t<p>Vols estar al dia de totes les novetats i <span style=\"text-decoration: underline;\">rebre informaci\u00f3<\/span> actualitzada del festival?<\/p>\t\t\t\t\t\t\t\t<\/div>\n\t\t\t\t<\/div>\n\t\t\t\t\t<\/div>\n\t\t\t\t<\/div>\n\t\t<div class=\"elementor-element elementor-element-5fb3974c e-con-full e-flex e-con e-child\" data-id=\"5fb3974c\" data-element_type=\"container\" data-e-type=\"container\" data-settings='{\"_ha_eqh_enable\":false}'>\n\t\t<div class=\"elementor-element elementor-element-65094fe8 e-flex e-con-boxed e-con e-child\" data-id=\"65094fe8\" data-element_type=\"container\" data-e-type=\"container\" data-settings='{\"background_background\":\"classic\",\"_ha_eqh_enable\":false}'>\n\t\t\t\t\t<div class=\"e-con-inner\">\n\t\t\t\t<div class=\"elementor-element elementor-element-4478e828 elementor-align-center elementor-widget elementor-widget-button\" data-id=\"4478e828\" data-element_type=\"widget\" data-e-type=\"widget\" data-widget_type=\"button.default\">\n\t\t\t\t<div class=\"elementor-widget-container\">\n\t\t\t\t\t\t\t\t\t<div class=\"elementor-button-wrapper\">\n\t\t\t\t\t<a class=\"elementor-button elementor-button-link elementor-size-sm\" href=\"#elementor-action%3Aaction%3Dpopup%3Aopen%26settings%3DeyJpZCI6IjE5MjciLCJ0b2dnbGUiOmZhbHNlfQ%3D%3D\">\n\t\t\t\t\t\t<span class=\"elementor-button-content-wrapper\">\n\t\t\t\t\t\t\t\t\t<span class=\"elementor-button-text\">INSCRIU-TE A LA NEWSLETTER<\/span>\n\t\t\t\t\t<\/span>\n\t\t\t\t\t<\/a>\n\t\t\t\t<\/div>\n\t\t\t\t\t\t\t\t<\/div>\n\t\t\t\t<\/div>\n\t\t\t\t\t<\/div>\n\t\t\t\t<\/div>\n\t\t\t\t<\/div>\n\t\t\t\t\t<\/div>\n\t\t\t\t<\/div>\n\t\t<div class=\"elementor-element elementor-element-33f5ab1d e-flex e-con-boxed e-con e-parent\" data-id=\"33f5ab1d\" data-element_type=\"container\" data-e-type=\"container\" data-settings='{\"_ha_eqh_enable\":false}'>\n\t\t\t\t\t<div class=\"e-con-inner\">\n\t\t<div class=\"elementor-element elementor-element-4c529419 e-con-full e-flex e-con e-child\" data-id=\"4c529419\" data-element_type=\"container\" data-e-type=\"container\" data-settings='{\"_ha_eqh_enable\":false}'>\n\t\t\t\t<div class=\"elementor-element elementor-element-6edc50e2 elementor-widget elementor-widget-heading\" data-id=\"6edc50e2\" data-element_type=\"widget\" data-e-type=\"widget\" data-widget_type=\"heading.default\">\n\t\t\t\t<div class=\"elementor-widget-container\">\n\t\t\t\t\t<h3 class=\"elementor-heading-title elementor-size-default\">patrocinadors\n<\/h3>\t\t\t\t<\/div>\n\t\t\t\t<\/div>\n\t\t\t\t<\/div>\n\t\t<div class=\"elementor-element elementor-element-6a011cd6 e-grid e-con-full e-con e-child\" data-id=\"6a011cd6\" data-element_type=\"container\" data-e-type=\"container\" data-settings='{\"_ha_eqh_enable\":false}'>\n\t\t\t\t<div class=\"elementor-element elementor-element-3b6d0751 elementor-widget elementor-widget-image\" data-id=\"3b6d0751\" data-element_type=\"widget\" data-e-type=\"widget\" data-widget_type=\"image.default\">\n\t\t\t\t<div class=\"elementor-widget-container\">\n\t\t\t\t\t\t\t\t\t\t\t\t\t\t\t<img loading=\"lazy\" decoding=\"async\" width=\"261\" height=\"193\" src=\"https:\/\/i0.wp.com\/prosoponcatalunya.cat\/wp-content\/uploads\/2024\/07\/NoPath.png?fit=261%2C193&amp;ssl=1\" class=\"attachment-full size-full wp-image-234\" alt=\"\">\t\t\t\t\t\t\t\t\t\t\t\t\t\t\t<\/div>\n\t\t\t\t<\/div>\n\t\t\t\t<div class=\"elementor-element elementor-element-29db679 elementor-widget elementor-widget-image\" data-id=\"29db679\" data-element_type=\"widget\" data-e-type=\"widget\" data-widget_type=\"image.default\">\n\t\t\t\t<div class=\"elementor-widget-container\">\n\t\t\t\t\t\t\t\t\t\t\t\t\t\t\t<img loading=\"lazy\" decoding=\"async\" width=\"329\" height=\"153\" src=\"https:\/\/i0.wp.com\/prosoponcatalunya.cat\/wp-content\/uploads\/2024\/07\/NoPath-copia.png?fit=329%2C153&amp;ssl=1\" class=\"attachment-full size-full wp-image-233\" alt=\"\" srcset=\"https:\/\/i0.wp.com\/prosoponcatalunya.cat\/wp-content\/uploads\/2024\/07\/NoPath-copia.png?w=329&amp;ssl=1 329w, https:\/\/i0.wp.com\/prosoponcatalunya.cat\/wp-content\/uploads\/2024\/07\/NoPath-copia.png?resize=300%2C140&amp;ssl=1 300w\" sizes=\"auto, (max-width: 329px) 100vw, 329px\">\t\t\t\t\t\t\t\t\t\t\t\t\t\t\t<\/div>\n\t\t\t\t<\/div>\n\t\t\t\t<div class=\"elementor-element elementor-element-4d73afaf elementor-widget elementor-widget-image\" data-id=\"4d73afaf\" data-element_type=\"widget\" data-e-type=\"widget\" data-widget_type=\"image.default\">\n\t\t\t\t<div class=\"elementor-widget-container\">\n\t\t\t\t\t\t\t\t\t\t\t\t\t\t\t<img loading=\"lazy\" decoding=\"async\" width=\"228\" height=\"56\" src=\"https:\/\/i0.wp.com\/prosoponcatalunya.cat\/wp-content\/uploads\/2024\/07\/NoPath-copia-2.png?fit=228%2C56&amp;ssl=1\" class=\"attachment-full size-full wp-image-232\" alt=\"\">\t\t\t\t\t\t\t\t\t\t\t\t\t\t\t<\/div>\n\t\t\t\t<\/div>\n\t\t\t\t<div class=\"elementor-element elementor-element-512ad2cd elementor-widget elementor-widget-image\" data-id=\"512ad2cd\" data-element_type=\"widget\" data-e-type=\"widget\" data-widget_type=\"image.default\">\n\t\t\t\t<div class=\"elementor-widget-container\">\n\t\t\t\t\t\t\t\t\t\t\t\t\t\t\t<img loading=\"lazy\" decoding=\"async\" width=\"270\" height=\"105\" src=\"https:\/\/i0.wp.com\/prosoponcatalunya.cat\/wp-content\/uploads\/2024\/07\/NoPath-copia-3.png?fit=270%2C105&amp;ssl=1\" class=\"attachment-full size-full wp-image-231\" alt=\"\">\t\t\t\t\t\t\t\t\t\t\t\t\t\t\t<\/div>\n\t\t\t\t<\/div>\n\t\t\t\t<div class=\"elementor-element elementor-element-3a7ac4fa elementor-widget elementor-widget-image\" data-id=\"3a7ac4fa\" data-element_type=\"widget\" data-e-type=\"widget\" data-widget_type=\"image.default\">\n\t\t\t\t<div class=\"elementor-widget-container\">\n\t\t\t\t\t\t\t\t\t\t\t\t\t\t\t<img loading=\"lazy\" decoding=\"async\" width=\"290\" height=\"174\" src=\"https:\/\/i0.wp.com\/prosoponcatalunya.cat\/wp-content\/uploads\/2024\/07\/NoPath-copia-4.png?fit=290%2C174&amp;ssl=1\" class=\"attachment-full size-full wp-image-230\" alt=\"\">\t\t\t\t\t\t\t\t\t\t\t\t\t\t\t<\/div>\n\t\t\t\t<\/div>\n\t\t\t\t<\/div>\n\t\t\t\t\t<\/div>\n\t\t\t\t<\/div>\n\t\t\t\t<\/div>\n\t\t<\/body>","protected":false},"excerpt":{"rendered":"<p>Dades identificatives En compliment del que estableix la Llei 34\/2002, de l\u201911 de juliol, de serveis de la societat de la informaci\u00f3 i de comer\u00e7 electr\u00f2nic, s&#8217;informa dels seg\u00fcents aspectes legals: Nom de domini: www.prosoponcatalunya.cat Denominaci\u00f3 social: Societat Catalana de Teatre Grecollat\u00ed NIF: G43653500 Domicili social: Universitat Rovira i Virgili. Facultat de Lletres. Departament de [&hellip;]<\/p>\n","protected":false},"author":249,"featured_media":0,"parent":0,"menu_order":0,"comment_status":"closed","ping_status":"closed","template":"elementor_header_footer","meta":{"_acf_changed":false,"om_disable_all_campaigns":false,"footnotes":""},"class_list":["post-1837","page","type-page","status-publish","hentry"],"acf":[],"yoast_head":"<!-- This site is optimized with the Yoast SEO plugin v27.5 - https:\/\/yoast.com\/product\/yoast-seo-wordpress\/ -->\n<title>Av\u00eds legal - Teatre Grecollat\u00ed<\/title>\n<meta name=\"robots\" content=\"index, follow, max-snippet:-1, max-image-preview:large, max-video-preview:-1\" \/>\n<link rel=\"canonical\" href=\"https:\/\/prosoponcatalunya.cat\/ca\/avis-legal\/\" \/>\n<meta property=\"og:locale\" content=\"ca_ES\" \/>\n<meta property=\"og:type\" content=\"article\" \/>\n<meta property=\"og:title\" content=\"Av\u00eds legal - Teatre Grecollat\u00ed\" \/>\n<meta property=\"og:description\" content=\"Dades identificatives En compliment del que estableix la Llei 34\/2002, de l\u201911 de juliol, de serveis de la societat de la informaci\u00f3 i de comer\u00e7 electr\u00f2nic, s&#8217;informa dels seg\u00fcents aspectes legals: Nom de domini: www.prosoponcatalunya.cat Denominaci\u00f3 social: Societat Catalana de Teatre Grecollat\u00ed NIF: G43653500 Domicili social: Universitat Rovira i Virgili. Facultat de Lletres. Departament de [&hellip;]\" \/>\n<meta property=\"og:url\" content=\"https:\/\/prosoponcatalunya.cat\/ca\/avis-legal\/\" \/>\n<meta property=\"og:site_name\" content=\"Teatre Grecollat\u00ed\" \/>\n<meta property=\"article:modified_time\" content=\"2026-02-08T17:58:56+00:00\" \/>\n<meta property=\"og:image\" content=\"https:\/\/prosoponcatalunya.cat\/wp-content\/uploads\/2024\/07\/NoPath.png\" \/>\n<meta name=\"twitter:card\" content=\"summary_large_image\" \/>\n<meta name=\"twitter:label1\" content=\"Temps estimat de lectura\" \/>\n\t<meta name=\"twitter:data1\" content=\"4 minuts\" \/>\n<script type=\"application\/ld+json\" class=\"yoast-schema-graph\">{\"@context\":\"https:\\\/\\\/schema.org\",\"@graph\":[{\"@type\":\"WebPage\",\"@id\":\"https:\\\/\\\/prosoponcatalunya.cat\\\/avis-legal\\\/\",\"url\":\"https:\\\/\\\/prosoponcatalunya.cat\\\/avis-legal\\\/\",\"name\":\"Av\u00eds legal - Teatre Grecollat\u00ed\",\"isPartOf\":{\"@id\":\"https:\\\/\\\/prosoponcatalunya.cat\\\/#website\"},\"primaryImageOfPage\":{\"@id\":\"https:\\\/\\\/prosoponcatalunya.cat\\\/avis-legal\\\/#primaryimage\"},\"image\":{\"@id\":\"https:\\\/\\\/prosoponcatalunya.cat\\\/avis-legal\\\/#primaryimage\"},\"thumbnailUrl\":\"https:\\\/\\\/prosoponcatalunya.cat\\\/wp-content\\\/uploads\\\/2024\\\/07\\\/NoPath.png\",\"datePublished\":\"2024-08-21T18:54:56+00:00\",\"dateModified\":\"2026-02-08T17:58:56+00:00\",\"inLanguage\":\"ca\",\"potentialAction\":[{\"@type\":\"ReadAction\",\"target\":[\"https:\\\/\\\/prosoponcatalunya.cat\\\/avis-legal\\\/\"]}]},{\"@type\":\"ImageObject\",\"inLanguage\":\"ca\",\"@id\":\"https:\\\/\\\/prosoponcatalunya.cat\\\/avis-legal\\\/#primaryimage\",\"url\":\"https:\\\/\\\/prosoponcatalunya.cat\\\/wp-content\\\/uploads\\\/2024\\\/07\\\/NoPath.png\",\"contentUrl\":\"https:\\\/\\\/prosoponcatalunya.cat\\\/wp-content\\\/uploads\\\/2024\\\/07\\\/NoPath.png\"},{\"@type\":\"WebSite\",\"@id\":\"https:\\\/\\\/prosoponcatalunya.cat\\\/#website\",\"url\":\"https:\\\/\\\/prosoponcatalunya.cat\\\/\",\"name\":\"Teatre Grecollat\u00ed\",\"description\":\"El festival juvenil de teatre grecollat\u00ed de refer\u00e8ncia a Catalunya.\",\"publisher\":{\"@id\":\"https:\\\/\\\/prosoponcatalunya.cat\\\/#organization\"},\"potentialAction\":[{\"@type\":\"SearchAction\",\"target\":{\"@type\":\"EntryPoint\",\"urlTemplate\":\"https:\\\/\\\/prosoponcatalunya.cat\\\/?s={search_term_string}\"},\"query-input\":{\"@type\":\"PropertyValueSpecification\",\"valueRequired\":true,\"valueName\":\"search_term_string\"}}],\"inLanguage\":\"ca\"},{\"@type\":\"Organization\",\"@id\":\"https:\\\/\\\/prosoponcatalunya.cat\\\/#organization\",\"name\":\"Teatre Grecollat\u00ed\",\"url\":\"https:\\\/\\\/prosoponcatalunya.cat\\\/\",\"logo\":{\"@type\":\"ImageObject\",\"inLanguage\":\"ca\",\"@id\":\"https:\\\/\\\/prosoponcatalunya.cat\\\/#\\\/schema\\\/logo\\\/image\\\/\",\"url\":\"https:\\\/\\\/i0.wp.com\\\/prosoponcatalunya.cat\\\/wp-content\\\/uploads\\\/2024\\\/10\\\/cropped-Full_Logo_Black.png?fit=1419%2C1442&ssl=1\",\"contentUrl\":\"https:\\\/\\\/i0.wp.com\\\/prosoponcatalunya.cat\\\/wp-content\\\/uploads\\\/2024\\\/10\\\/cropped-Full_Logo_Black.png?fit=1419%2C1442&ssl=1\",\"width\":1419,\"height\":1442,\"caption\":\"Teatre Grecollat\u00ed\"},\"image\":{\"@id\":\"https:\\\/\\\/prosoponcatalunya.cat\\\/#\\\/schema\\\/logo\\\/image\\\/\"}}]}<\/script>\n<!-- \/ Yoast SEO plugin. -->","yoast_head_json":{"title":"Av\u00eds legal - Teatre Grecollat\u00ed","robots":{"index":"index","follow":"follow","max-snippet":"max-snippet:-1","max-image-preview":"max-image-preview:large","max-video-preview":"max-video-preview:-1"},"canonical":"https:\/\/prosoponcatalunya.cat\/ca\/avis-legal\/","og_locale":"ca_ES","og_type":"article","og_title":"Av\u00eds legal - Teatre Grecollat\u00ed","og_description":"Dades identificatives En compliment del que estableix la Llei 34\/2002, de l\u201911 de juliol, de serveis de la societat de la informaci\u00f3 i de comer\u00e7 electr\u00f2nic, s&#8217;informa dels seg\u00fcents aspectes legals: Nom de domini: www.prosoponcatalunya.cat Denominaci\u00f3 social: Societat Catalana de Teatre Grecollat\u00ed NIF: G43653500 Domicili social: Universitat Rovira i Virgili. Facultat de Lletres. Departament de [&hellip;]","og_url":"https:\/\/prosoponcatalunya.cat\/ca\/avis-legal\/","og_site_name":"Teatre Grecollat\u00ed","article_modified_time":"2026-02-08T17:58:56+00:00","og_image":[{"url":"https:\/\/prosoponcatalunya.cat\/wp-content\/uploads\/2024\/07\/NoPath.png","type":"","width":"","height":""}],"twitter_card":"summary_large_image","twitter_misc":{"Temps estimat de lectura":"4 minuts"},"schema":{"@context":"https:\/\/schema.org","@graph":[{"@type":"WebPage","@id":"https:\/\/prosoponcatalunya.cat\/avis-legal\/","url":"https:\/\/prosoponcatalunya.cat\/avis-legal\/","name":"Av\u00eds legal - Teatre Grecollat\u00ed","isPartOf":{"@id":"https:\/\/prosoponcatalunya.cat\/#website"},"primaryImageOfPage":{"@id":"https:\/\/prosoponcatalunya.cat\/avis-legal\/#primaryimage"},"image":{"@id":"https:\/\/prosoponcatalunya.cat\/avis-legal\/#primaryimage"},"thumbnailUrl":"https:\/\/prosoponcatalunya.cat\/wp-content\/uploads\/2024\/07\/NoPath.png","datePublished":"2024-08-21T18:54:56+00:00","dateModified":"2026-02-08T17:58:56+00:00","inLanguage":"ca","potentialAction":[{"@type":"ReadAction","target":["https:\/\/prosoponcatalunya.cat\/avis-legal\/"]}]},{"@type":"ImageObject","inLanguage":"ca","@id":"https:\/\/prosoponcatalunya.cat\/avis-legal\/#primaryimage","url":"https:\/\/prosoponcatalunya.cat\/wp-content\/uploads\/2024\/07\/NoPath.png","contentUrl":"https:\/\/prosoponcatalunya.cat\/wp-content\/uploads\/2024\/07\/NoPath.png"},{"@type":"WebSite","@id":"https:\/\/prosoponcatalunya.cat\/#website","url":"https:\/\/prosoponcatalunya.cat\/","name":"Teatre Grecollat\u00ed","description":"El festival juvenil de teatre grecollat\u00ed de refer\u00e8ncia a Catalunya.","publisher":{"@id":"https:\/\/prosoponcatalunya.cat\/#organization"},"potentialAction":[{"@type":"SearchAction","target":{"@type":"EntryPoint","urlTemplate":"https:\/\/prosoponcatalunya.cat\/?s={search_term_string}"},"query-input":{"@type":"PropertyValueSpecification","valueRequired":true,"valueName":"search_term_string"}}],"inLanguage":"ca"},{"@type":"Organization","@id":"https:\/\/prosoponcatalunya.cat\/#organization","name":"Teatre Grecollat\u00ed","url":"https:\/\/prosoponcatalunya.cat\/","logo":{"@type":"ImageObject","inLanguage":"ca","@id":"https:\/\/prosoponcatalunya.cat\/#\/schema\/logo\/image\/","url":"https:\/\/i0.wp.com\/prosoponcatalunya.cat\/wp-content\/uploads\/2024\/10\/cropped-Full_Logo_Black.png?fit=1419%2C1442&ssl=1","contentUrl":"https:\/\/i0.wp.com\/prosoponcatalunya.cat\/wp-content\/uploads\/2024\/10\/cropped-Full_Logo_Black.png?fit=1419%2C1442&ssl=1","width":1419,"height":1442,"caption":"Teatre Grecollat\u00ed"},"image":{"@id":"https:\/\/prosoponcatalunya.cat\/#\/schema\/logo\/image\/"}}]}},"jetpack_sharing_enabled":true,"_links":{"self":[{"href":"https:\/\/prosoponcatalunya.cat\/ca\/wp-json\/wp\/v2\/pages\/1837","targetHints":{"allow":["GET"]}}],"collection":[{"href":"https:\/\/prosoponcatalunya.cat\/ca\/wp-json\/wp\/v2\/pages"}],"about":[{"href":"https:\/\/prosoponcatalunya.cat\/ca\/wp-json\/wp\/v2\/types\/page"}],"author":[{"embeddable":true,"href":"https:\/\/prosoponcatalunya.cat\/ca\/wp-json\/wp\/v2\/users\/249"}],"replies":[{"embeddable":true,"href":"https:\/\/prosoponcatalunya.cat\/ca\/wp-json\/wp\/v2\/comments?post=1837"}],"version-history":[{"count":5,"href":"https:\/\/prosoponcatalunya.cat\/ca\/wp-json\/wp\/v2\/pages\/1837\/revisions"}],"predecessor-version":[{"id":3799,"href":"https:\/\/prosoponcatalunya.cat\/ca\/wp-json\/wp\/v2\/pages\/1837\/revisions\/3799"}],"wp:attachment":[{"href":"https:\/\/prosoponcatalunya.cat\/ca\/wp-json\/wp\/v2\/media?parent=1837"}],"curies":[{"name":"wp","href":"https:\/\/api.w.org\/{rel}","templated":true}]}}