{"id":1858,"date":"2024-08-21T19:04:09","date_gmt":"2024-08-21T19:04:09","guid":{"rendered":"https:\/\/jovial-mccarthy.93-93-118-239.plesk.page\/?page_id=1858"},"modified":"2026-02-08T19:55:58","modified_gmt":"2026-02-08T17:55:58","slug":"politica-de-privacitat","status":"publish","type":"page","link":"https:\/\/prosoponcatalunya.cat\/ca\/politica-de-privacitat\/","title":{"rendered":"Pol\u00edtica de privacitat"},"content":{"rendered":"<body>\t\t<div data-elementor-type=\"wp-page\" data-elementor-id=\"1858\" class=\"elementor elementor-1858\" data-elementor-settings='{\"ha_cmc_init_switcher\":\"no\"}' data-elementor-post-type=\"page\">\n\t\t\t\t<div class=\"elementor-element elementor-element-27a91060 e-con-full e-flex e-con e-parent\" data-id=\"27a91060\" data-element_type=\"container\" data-e-type=\"container\" data-settings='{\"_ha_eqh_enable\":false}'>\n\t\t<div class=\"elementor-element elementor-element-2e0decac e-con-full e-flex e-con e-child\" data-id=\"2e0decac\" data-element_type=\"container\" data-e-type=\"container\" data-settings='{\"background_background\":\"classic\",\"_ha_eqh_enable\":false}'>\n\t\t\t\t<div class=\"elementor-element elementor-element-5f1048b8 elementor-widget elementor-widget-breadcrumbs\" data-id=\"5f1048b8\" data-element_type=\"widget\" data-e-type=\"widget\" data-widget_type=\"breadcrumbs.default\">\n\t\t\t\t<div class=\"elementor-widget-container\">\n\t\t\t\t\t<p id=\"breadcrumbs\"><\/p>\t\t\t\t<\/div>\n\t\t\t\t<\/div>\n\t\t\t\t<\/div>\n\t\t\t\t<\/div>\n\t\t<div class=\"elementor-element elementor-element-1c43537 e-con-full footers e-flex e-con e-parent\" data-id=\"1c43537\" data-element_type=\"container\" data-e-type=\"container\" data-settings='{\"background_background\":\"classic\",\"_ha_eqh_enable\":false}'>\n\t\t<div class=\"elementor-element elementor-element-4e277184 e-flex e-con-boxed e-con e-child\" data-id=\"4e277184\" data-element_type=\"container\" data-e-type=\"container\" data-settings='{\"background_background\":\"classic\",\"_ha_eqh_enable\":false}'>\n\t\t\t\t\t<div class=\"e-con-inner\">\n\t\t\t\t<div class=\"elementor-element elementor-element-566c54f8 elementor-widget elementor-widget-text-editor\" data-id=\"566c54f8\" data-element_type=\"widget\" data-e-type=\"widget\" data-widget_type=\"text-editor.default\">\n\t\t\t\t<div class=\"elementor-widget-container\">\n\t\t\t\t\t\t\t\t\t<ol>\n<li><strong> Introducci\u00f3<\/strong><\/li>\n<\/ol>\n<p>La present Pol\u00edtica de Privacitat estableix els termes en qu\u00e8 la Societat Catalana de Teatre Grecollat\u00ed, amb domicili a la Universitat Rovira i Virgili, Facultat de Lletres, Departament de Filologia Catalana, Secci\u00f3 de Llengua i Literatura Gregues, Av. Catalunya, 35, 43002 Tarragona, tracta les dades personals dels usuaris que accedeixen i utilitzen el lloc web <a href=\"https:\/\/prosoponcatalunya.cat\/ca\/\">www.prosoponcatalunya.cat<\/a>.<\/p>\n<ol start=\"2\">\n<li><strong> Responsable del tractament<\/strong><\/li>\n<\/ol>\n<ul>\n<li><strong>Denominaci\u00f3 social:<\/strong> Societat Catalana de Teatre Grecollat\u00ed<\/li>\n<li><strong>NIF:<\/strong> G43653500<\/li>\n<li><strong>Domicili social:<\/strong> Universitat Rovira i Virgili. Facultat de Lletres. Departament de Filologia Catalana. Secci\u00f3 de Llengua i Literatura Gregues. Av. Catalunya, 35, 43002 Tarragona<\/li>\n<li><strong style=\"background-color: transparent;\">Email de contacte:<\/strong><span style=\"background-color: transparent;\"> prosoponcatalunya@gmail.com<\/span><\/li>\n<\/ul>\n<ol start=\"3\">\n<li><strong> Finalitat del tractament de dades<\/strong><\/li>\n<\/ol>\n<p>Les dades personals recollides a trav\u00e9s del lloc web seran utilitzades amb les finalitats seg\u00fcents:<\/p>\n<ul>\n<li><strong>Comunicaci\u00f3:<\/strong> Resposta a consultes i sol\u00b7licituds d\u2019informaci\u00f3 enviades a trav\u00e9s dels formularis de contacte disponibles a la web.<\/li>\n<li><strong>Gesti\u00f3 d\u2019esdeveniments:<\/strong> Inscripci\u00f3 i gesti\u00f3 de la participaci\u00f3 en activitats, esdeveniments i espectacles organitzats per la Societat Catalana de Teatre Grecollat\u00ed.<\/li>\n<li><strong>Enviament d\u2019informaci\u00f3:<\/strong> Enviament de comunicacions informatives sobre les activitats i esdeveniments de la Societat Catalana de Teatre Grecollat\u00ed, sempre que l\u2019usuari hagi donat el seu consentiment previ.<\/li>\n<\/ul>\n<ol start=\"4\">\n<li><strong> Legitimaci\u00f3 per al tractament de dades<\/strong><\/li>\n<\/ol>\n<p>El tractament de les dades personals per part de la Societat Catalana de Teatre Grecollat\u00ed es basa en el consentiment expr\u00e9s dels usuaris que proporcionen les seves dades a trav\u00e9s dels formularis de contacte del lloc web o en el marc de la seva relaci\u00f3 amb l\u2019associaci\u00f3.<\/p>\n<ol start=\"5\">\n<li><strong> Conservaci\u00f3 de les dades<\/strong><\/li>\n<\/ol>\n<p>Les dades personals proporcionades es conservaran durant el temps necessari per complir amb les finalitats per les quals van ser recollides, aix\u00ed com per determinar les possibles responsabilitats que es poguessin derivar d\u2019aquestes finalitats i del tractament de les dades. En qualsevol cas, les dades es conservaran fins que l\u2019usuari sol\u00b7liciti la seva supressi\u00f3.<\/p>\n<ol start=\"6\">\n<li><strong> Destinataris de les dades<\/strong><\/li>\n<\/ol>\n<p>Les dades personals no seran cedides a tercers, excepte obligaci\u00f3 legal o amb el consentiment expr\u00e9s de l\u2019usuari.<\/p>\n<ol start=\"7\">\n<li><strong> Drets dels usuaris<\/strong><\/li>\n<\/ol>\n<p>Els usuaris tenen dret a:<\/p>\n<ul>\n<li><strong>Accedir:<\/strong> Sol\u00b7licitar informaci\u00f3 sobre les dades personals que tractem.<\/li>\n<li><strong>Rectificar:<\/strong> Sol\u00b7licitar la modificaci\u00f3 de les dades personals inexactes o incompletes.<\/li>\n<li><strong>Suprimir:<\/strong> Sol\u00b7licitar la supressi\u00f3 de les dades personals quan ja no siguin necess\u00e0ries per a les finalitats per les quals van ser recollides.<\/li>\n<li><strong>Oposar-se:<\/strong> Oposar-se al tractament de les seves dades personals.<\/li>\n<li><strong>Portabilitat:<\/strong> Sol\u00b7licitar la portabilitat de les dades personals a un altre responsable del tractament.<\/li>\n<\/ul>\n<p>Per exercir aquests drets, els usuaris poden enviar una sol\u00b7licitud per escrit a l\u2019adre\u00e7a de correu electr\u00f2nic prosoponcatalunya@gmail.com o per correu postal a l\u2019adre\u00e7a facilitada a l\u2019inici d\u2019aquesta pol\u00edtica, indicant clarament el dret que desitgen exercir.<\/p>\n<ol start=\"8\">\n<li><strong> Seguretat de les dades<\/strong><\/li>\n<\/ol>\n<p>La Societat Catalana de Teatre Grecollat\u00ed adopta les mesures t\u00e8cniques i organitzatives necess\u00e0ries per garantir la seguretat de les dades personals i evitar-ne l\u2019alteraci\u00f3, p\u00e8rdua, tractament o acc\u00e9s no autoritzat, tenint en compte l\u2019estat de la tecnologia, la naturalesa de les dades emmagatzemades i els riscos a qu\u00e8 estan exposades.<\/p>\n<ol start=\"9\">\n<li><strong> Modificacions de la Pol\u00edtica de Privacitat<\/strong><\/li>\n<\/ol>\n<p>La Societat Catalana de Teatre Grecollat\u00ed es reserva el dret a modificar la present Pol\u00edtica de Privacitat per adaptar-la a novetats legislatives o jurisprudencials. En tal cas, s\u2019anunciaran els canvis en aquesta p\u00e0gina amb una antelaci\u00f3 raonable abans de la seva posada en pr\u00e0ctica.<\/p>\n<ol start=\"10\">\n<li><strong> Legislaci\u00f3 aplicable<\/strong><\/li>\n<\/ol>\n<p>La present Pol\u00edtica de Privacitat es regir\u00e0 i interpretar\u00e0 d\u2019acord amb la legislaci\u00f3 espanyola. Per a qualsevol controv\u00e8rsia que pogu\u00e9s derivar-se de l\u2019acc\u00e9s o \u00fas del lloc web, ser\u00e0 competent la jurisdicci\u00f3 dels jutjats i tribunals de la ciutat de Tarragona.<\/p>\t\t\t\t\t\t\t\t<\/div>\n\t\t\t\t<\/div>\n\t\t\t\t\t<\/div>\n\t\t\t\t<\/div>\n\t\t\t\t<\/div>\n\t\t<div class=\"elementor-element elementor-element-2449134d e-flex e-con-boxed e-con e-parent\" data-id=\"2449134d\" data-element_type=\"container\" data-e-type=\"container\" data-settings='{\"background_background\":\"classic\",\"_ha_eqh_enable\":false}'>\n\t\t\t\t\t<div class=\"e-con-inner\">\n\t\t<div class=\"elementor-element elementor-element-7ae3c0da e-flex e-con-boxed e-con e-child\" data-id=\"7ae3c0da\" data-element_type=\"container\" data-e-type=\"container\" data-settings='{\"_ha_eqh_enable\":false}'>\n\t\t\t\t\t<div class=\"e-con-inner\">\n\t\t\t\t<div class=\"elementor-element elementor-element-5235b8d9 elementor-widget elementor-widget-text-editor\" data-id=\"5235b8d9\" data-element_type=\"widget\" data-e-type=\"widget\" data-widget_type=\"text-editor.default\">\n\t\t\t\t<div class=\"elementor-widget-container\">\n\t\t\t\t\t\t\t\t\t<p>Vols estar al dia de totes les novetats i <span style=\"text-decoration: underline;\">rebre informaci\u00f3<\/span> actualitzada del festival?<\/p>\t\t\t\t\t\t\t\t<\/div>\n\t\t\t\t<\/div>\n\t\t\t\t\t<\/div>\n\t\t\t\t<\/div>\n\t\t<div class=\"elementor-element elementor-element-5fb3974c e-con-full e-flex e-con e-child\" data-id=\"5fb3974c\" data-element_type=\"container\" data-e-type=\"container\" data-settings='{\"_ha_eqh_enable\":false}'>\n\t\t<div class=\"elementor-element elementor-element-65094fe8 e-flex e-con-boxed e-con e-child\" data-id=\"65094fe8\" data-element_type=\"container\" data-e-type=\"container\" data-settings='{\"background_background\":\"classic\",\"_ha_eqh_enable\":false}'>\n\t\t\t\t\t<div class=\"e-con-inner\">\n\t\t\t\t<div class=\"elementor-element elementor-element-4478e828 elementor-align-center elementor-widget elementor-widget-button\" data-id=\"4478e828\" data-element_type=\"widget\" data-e-type=\"widget\" data-widget_type=\"button.default\">\n\t\t\t\t<div class=\"elementor-widget-container\">\n\t\t\t\t\t\t\t\t\t<div class=\"elementor-button-wrapper\">\n\t\t\t\t\t<a class=\"elementor-button elementor-button-link elementor-size-sm\" href=\"#elementor-action%3Aaction%3Dpopup%3Aopen%26settings%3DeyJpZCI6IjE5MjciLCJ0b2dnbGUiOmZhbHNlfQ%3D%3D\">\n\t\t\t\t\t\t<span class=\"elementor-button-content-wrapper\">\n\t\t\t\t\t\t\t\t\t<span class=\"elementor-button-text\">INSCRIU-TE A LA NEWSLETTER<\/span>\n\t\t\t\t\t<\/span>\n\t\t\t\t\t<\/a>\n\t\t\t\t<\/div>\n\t\t\t\t\t\t\t\t<\/div>\n\t\t\t\t<\/div>\n\t\t\t\t\t<\/div>\n\t\t\t\t<\/div>\n\t\t\t\t<\/div>\n\t\t\t\t\t<\/div>\n\t\t\t\t<\/div>\n\t\t<div class=\"elementor-element elementor-element-33f5ab1d e-flex e-con-boxed e-con e-parent\" data-id=\"33f5ab1d\" data-element_type=\"container\" data-e-type=\"container\" data-settings='{\"_ha_eqh_enable\":false}'>\n\t\t\t\t\t<div class=\"e-con-inner\">\n\t\t<div class=\"elementor-element elementor-element-4c529419 e-con-full e-flex e-con e-child\" data-id=\"4c529419\" data-element_type=\"container\" data-e-type=\"container\" data-settings='{\"_ha_eqh_enable\":false}'>\n\t\t\t\t<div class=\"elementor-element elementor-element-6edc50e2 elementor-widget elementor-widget-heading\" data-id=\"6edc50e2\" data-element_type=\"widget\" data-e-type=\"widget\" data-widget_type=\"heading.default\">\n\t\t\t\t<div class=\"elementor-widget-container\">\n\t\t\t\t\t<h3 class=\"elementor-heading-title elementor-size-default\">patrocinadors\n<\/h3>\t\t\t\t<\/div>\n\t\t\t\t<\/div>\n\t\t\t\t<\/div>\n\t\t<div class=\"elementor-element elementor-element-6a011cd6 e-grid e-con-full e-con e-child\" data-id=\"6a011cd6\" data-element_type=\"container\" data-e-type=\"container\" data-settings='{\"_ha_eqh_enable\":false}'>\n\t\t\t\t<div class=\"elementor-element elementor-element-3b6d0751 elementor-widget elementor-widget-image\" data-id=\"3b6d0751\" data-element_type=\"widget\" data-e-type=\"widget\" data-widget_type=\"image.default\">\n\t\t\t\t<div class=\"elementor-widget-container\">\n\t\t\t\t\t\t\t\t\t\t\t\t\t\t\t<img loading=\"lazy\" decoding=\"async\" width=\"261\" height=\"193\" src=\"https:\/\/i0.wp.com\/prosoponcatalunya.cat\/wp-content\/uploads\/2024\/07\/NoPath.png?fit=261%2C193&amp;ssl=1\" class=\"attachment-full size-full wp-image-234\" alt=\"\">\t\t\t\t\t\t\t\t\t\t\t\t\t\t\t<\/div>\n\t\t\t\t<\/div>\n\t\t\t\t<div class=\"elementor-element elementor-element-29db679 elementor-widget elementor-widget-image\" data-id=\"29db679\" data-element_type=\"widget\" data-e-type=\"widget\" data-widget_type=\"image.default\">\n\t\t\t\t<div class=\"elementor-widget-container\">\n\t\t\t\t\t\t\t\t\t\t\t\t\t\t\t<img loading=\"lazy\" decoding=\"async\" width=\"329\" height=\"153\" src=\"https:\/\/i0.wp.com\/prosoponcatalunya.cat\/wp-content\/uploads\/2024\/07\/NoPath-copia.png?fit=329%2C153&amp;ssl=1\" class=\"attachment-full size-full wp-image-233\" alt=\"\" srcset=\"https:\/\/i0.wp.com\/prosoponcatalunya.cat\/wp-content\/uploads\/2024\/07\/NoPath-copia.png?w=329&amp;ssl=1 329w, https:\/\/i0.wp.com\/prosoponcatalunya.cat\/wp-content\/uploads\/2024\/07\/NoPath-copia.png?resize=300%2C140&amp;ssl=1 300w\" sizes=\"auto, (max-width: 329px) 100vw, 329px\">\t\t\t\t\t\t\t\t\t\t\t\t\t\t\t<\/div>\n\t\t\t\t<\/div>\n\t\t\t\t<div class=\"elementor-element elementor-element-4d73afaf elementor-widget elementor-widget-image\" data-id=\"4d73afaf\" data-element_type=\"widget\" data-e-type=\"widget\" data-widget_type=\"image.default\">\n\t\t\t\t<div class=\"elementor-widget-container\">\n\t\t\t\t\t\t\t\t\t\t\t\t\t\t\t<img loading=\"lazy\" decoding=\"async\" width=\"228\" height=\"56\" src=\"https:\/\/i0.wp.com\/prosoponcatalunya.cat\/wp-content\/uploads\/2024\/07\/NoPath-copia-2.png?fit=228%2C56&amp;ssl=1\" class=\"attachment-full size-full wp-image-232\" alt=\"\">\t\t\t\t\t\t\t\t\t\t\t\t\t\t\t<\/div>\n\t\t\t\t<\/div>\n\t\t\t\t<div class=\"elementor-element elementor-element-512ad2cd elementor-widget elementor-widget-image\" data-id=\"512ad2cd\" data-element_type=\"widget\" data-e-type=\"widget\" data-widget_type=\"image.default\">\n\t\t\t\t<div class=\"elementor-widget-container\">\n\t\t\t\t\t\t\t\t\t\t\t\t\t\t\t<img loading=\"lazy\" decoding=\"async\" width=\"270\" height=\"105\" src=\"https:\/\/i0.wp.com\/prosoponcatalunya.cat\/wp-content\/uploads\/2024\/07\/NoPath-copia-3.png?fit=270%2C105&amp;ssl=1\" class=\"attachment-full size-full wp-image-231\" alt=\"\">\t\t\t\t\t\t\t\t\t\t\t\t\t\t\t<\/div>\n\t\t\t\t<\/div>\n\t\t\t\t<div class=\"elementor-element elementor-element-3a7ac4fa elementor-widget elementor-widget-image\" data-id=\"3a7ac4fa\" data-element_type=\"widget\" data-e-type=\"widget\" data-widget_type=\"image.default\">\n\t\t\t\t<div class=\"elementor-widget-container\">\n\t\t\t\t\t\t\t\t\t\t\t\t\t\t\t<img loading=\"lazy\" decoding=\"async\" width=\"290\" height=\"174\" src=\"https:\/\/i0.wp.com\/prosoponcatalunya.cat\/wp-content\/uploads\/2024\/07\/NoPath-copia-4.png?fit=290%2C174&amp;ssl=1\" class=\"attachment-full size-full wp-image-230\" alt=\"\">\t\t\t\t\t\t\t\t\t\t\t\t\t\t\t<\/div>\n\t\t\t\t<\/div>\n\t\t\t\t<\/div>\n\t\t\t\t\t<\/div>\n\t\t\t\t<\/div>\n\t\t\t\t<\/div>\n\t\t<\/body>","protected":false},"excerpt":{"rendered":"<p>Introducci\u00f3 La present Pol\u00edtica de Privacitat estableix els termes en qu\u00e8 la Societat Catalana de Teatre Grecollat\u00ed, amb domicili a la Universitat Rovira i Virgili, Facultat de Lletres, Departament de Filologia Catalana, Secci\u00f3 de Llengua i Literatura Gregues, Av. Catalunya, 35, 43002 Tarragona, tracta les dades personals dels usuaris que accedeixen i utilitzen el lloc [&hellip;]<\/p>\n","protected":false},"author":249,"featured_media":0,"parent":0,"menu_order":0,"comment_status":"closed","ping_status":"closed","template":"elementor_header_footer","meta":{"_acf_changed":false,"om_disable_all_campaigns":false,"footnotes":""},"class_list":["post-1858","page","type-page","status-publish","hentry"],"acf":[],"yoast_head":"<!-- This site is optimized with the Yoast SEO plugin v27.5 - https:\/\/yoast.com\/product\/yoast-seo-wordpress\/ -->\n<title>Pol\u00edtica de privacitat - Teatre Grecollat\u00ed<\/title>\n<meta name=\"robots\" content=\"index, follow, max-snippet:-1, max-image-preview:large, max-video-preview:-1\" \/>\n<link rel=\"canonical\" href=\"https:\/\/prosoponcatalunya.cat\/ca\/politica-de-privacitat\/\" \/>\n<meta property=\"og:locale\" content=\"ca_ES\" \/>\n<meta property=\"og:type\" content=\"article\" \/>\n<meta property=\"og:title\" content=\"Pol\u00edtica de privacitat - Teatre Grecollat\u00ed\" \/>\n<meta property=\"og:description\" content=\"Introducci\u00f3 La present Pol\u00edtica de Privacitat estableix els termes en qu\u00e8 la Societat Catalana de Teatre Grecollat\u00ed, amb domicili a la Universitat Rovira i Virgili, Facultat de Lletres, Departament de Filologia Catalana, Secci\u00f3 de Llengua i Literatura Gregues, Av. Catalunya, 35, 43002 Tarragona, tracta les dades personals dels usuaris que accedeixen i utilitzen el lloc [&hellip;]\" \/>\n<meta property=\"og:url\" content=\"https:\/\/prosoponcatalunya.cat\/ca\/politica-de-privacitat\/\" \/>\n<meta property=\"og:site_name\" content=\"Teatre Grecollat\u00ed\" \/>\n<meta property=\"article:modified_time\" content=\"2026-02-08T17:55:58+00:00\" \/>\n<meta property=\"og:image\" content=\"https:\/\/prosoponcatalunya.cat\/wp-content\/uploads\/2024\/07\/NoPath.png\" \/>\n<meta name=\"twitter:card\" content=\"summary_large_image\" \/>\n<meta name=\"twitter:label1\" content=\"Temps estimat de lectura\" \/>\n\t<meta name=\"twitter:data1\" content=\"5 minuts\" \/>\n<script type=\"application\/ld+json\" class=\"yoast-schema-graph\">{\"@context\":\"https:\\\/\\\/schema.org\",\"@graph\":[{\"@type\":\"WebPage\",\"@id\":\"https:\\\/\\\/prosoponcatalunya.cat\\\/politica-de-privacitat\\\/\",\"url\":\"https:\\\/\\\/prosoponcatalunya.cat\\\/politica-de-privacitat\\\/\",\"name\":\"Pol\u00edtica de privacitat - Teatre Grecollat\u00ed\",\"isPartOf\":{\"@id\":\"https:\\\/\\\/prosoponcatalunya.cat\\\/#website\"},\"primaryImageOfPage\":{\"@id\":\"https:\\\/\\\/prosoponcatalunya.cat\\\/politica-de-privacitat\\\/#primaryimage\"},\"image\":{\"@id\":\"https:\\\/\\\/prosoponcatalunya.cat\\\/politica-de-privacitat\\\/#primaryimage\"},\"thumbnailUrl\":\"https:\\\/\\\/prosoponcatalunya.cat\\\/wp-content\\\/uploads\\\/2024\\\/07\\\/NoPath.png\",\"datePublished\":\"2024-08-21T19:04:09+00:00\",\"dateModified\":\"2026-02-08T17:55:58+00:00\",\"inLanguage\":\"ca\",\"potentialAction\":[{\"@type\":\"ReadAction\",\"target\":[\"https:\\\/\\\/prosoponcatalunya.cat\\\/politica-de-privacitat\\\/\"]}]},{\"@type\":\"ImageObject\",\"inLanguage\":\"ca\",\"@id\":\"https:\\\/\\\/prosoponcatalunya.cat\\\/politica-de-privacitat\\\/#primaryimage\",\"url\":\"https:\\\/\\\/prosoponcatalunya.cat\\\/wp-content\\\/uploads\\\/2024\\\/07\\\/NoPath.png\",\"contentUrl\":\"https:\\\/\\\/prosoponcatalunya.cat\\\/wp-content\\\/uploads\\\/2024\\\/07\\\/NoPath.png\"},{\"@type\":\"WebSite\",\"@id\":\"https:\\\/\\\/prosoponcatalunya.cat\\\/#website\",\"url\":\"https:\\\/\\\/prosoponcatalunya.cat\\\/\",\"name\":\"Teatre Grecollat\u00ed\",\"description\":\"El festival juvenil de teatre grecollat\u00ed de refer\u00e8ncia a Catalunya.\",\"publisher\":{\"@id\":\"https:\\\/\\\/prosoponcatalunya.cat\\\/#organization\"},\"potentialAction\":[{\"@type\":\"SearchAction\",\"target\":{\"@type\":\"EntryPoint\",\"urlTemplate\":\"https:\\\/\\\/prosoponcatalunya.cat\\\/?s={search_term_string}\"},\"query-input\":{\"@type\":\"PropertyValueSpecification\",\"valueRequired\":true,\"valueName\":\"search_term_string\"}}],\"inLanguage\":\"ca\"},{\"@type\":\"Organization\",\"@id\":\"https:\\\/\\\/prosoponcatalunya.cat\\\/#organization\",\"name\":\"Teatre Grecollat\u00ed\",\"url\":\"https:\\\/\\\/prosoponcatalunya.cat\\\/\",\"logo\":{\"@type\":\"ImageObject\",\"inLanguage\":\"ca\",\"@id\":\"https:\\\/\\\/prosoponcatalunya.cat\\\/#\\\/schema\\\/logo\\\/image\\\/\",\"url\":\"https:\\\/\\\/i0.wp.com\\\/prosoponcatalunya.cat\\\/wp-content\\\/uploads\\\/2024\\\/10\\\/cropped-Full_Logo_Black.png?fit=1419%2C1442&ssl=1\",\"contentUrl\":\"https:\\\/\\\/i0.wp.com\\\/prosoponcatalunya.cat\\\/wp-content\\\/uploads\\\/2024\\\/10\\\/cropped-Full_Logo_Black.png?fit=1419%2C1442&ssl=1\",\"width\":1419,\"height\":1442,\"caption\":\"Teatre Grecollat\u00ed\"},\"image\":{\"@id\":\"https:\\\/\\\/prosoponcatalunya.cat\\\/#\\\/schema\\\/logo\\\/image\\\/\"}}]}<\/script>\n<!-- \/ Yoast SEO plugin. -->","yoast_head_json":{"title":"Pol\u00edtica de privacitat - Teatre Grecollat\u00ed","robots":{"index":"index","follow":"follow","max-snippet":"max-snippet:-1","max-image-preview":"max-image-preview:large","max-video-preview":"max-video-preview:-1"},"canonical":"https:\/\/prosoponcatalunya.cat\/ca\/politica-de-privacitat\/","og_locale":"ca_ES","og_type":"article","og_title":"Pol\u00edtica de privacitat - Teatre Grecollat\u00ed","og_description":"Introducci\u00f3 La present Pol\u00edtica de Privacitat estableix els termes en qu\u00e8 la Societat Catalana de Teatre Grecollat\u00ed, amb domicili a la Universitat Rovira i Virgili, Facultat de Lletres, Departament de Filologia Catalana, Secci\u00f3 de Llengua i Literatura Gregues, Av. Catalunya, 35, 43002 Tarragona, tracta les dades personals dels usuaris que accedeixen i utilitzen el lloc [&hellip;]","og_url":"https:\/\/prosoponcatalunya.cat\/ca\/politica-de-privacitat\/","og_site_name":"Teatre Grecollat\u00ed","article_modified_time":"2026-02-08T17:55:58+00:00","og_image":[{"url":"https:\/\/prosoponcatalunya.cat\/wp-content\/uploads\/2024\/07\/NoPath.png","type":"","width":"","height":""}],"twitter_card":"summary_large_image","twitter_misc":{"Temps estimat de lectura":"5 minuts"},"schema":{"@context":"https:\/\/schema.org","@graph":[{"@type":"WebPage","@id":"https:\/\/prosoponcatalunya.cat\/politica-de-privacitat\/","url":"https:\/\/prosoponcatalunya.cat\/politica-de-privacitat\/","name":"Pol\u00edtica de privacitat - Teatre Grecollat\u00ed","isPartOf":{"@id":"https:\/\/prosoponcatalunya.cat\/#website"},"primaryImageOfPage":{"@id":"https:\/\/prosoponcatalunya.cat\/politica-de-privacitat\/#primaryimage"},"image":{"@id":"https:\/\/prosoponcatalunya.cat\/politica-de-privacitat\/#primaryimage"},"thumbnailUrl":"https:\/\/prosoponcatalunya.cat\/wp-content\/uploads\/2024\/07\/NoPath.png","datePublished":"2024-08-21T19:04:09+00:00","dateModified":"2026-02-08T17:55:58+00:00","inLanguage":"ca","potentialAction":[{"@type":"ReadAction","target":["https:\/\/prosoponcatalunya.cat\/politica-de-privacitat\/"]}]},{"@type":"ImageObject","inLanguage":"ca","@id":"https:\/\/prosoponcatalunya.cat\/politica-de-privacitat\/#primaryimage","url":"https:\/\/prosoponcatalunya.cat\/wp-content\/uploads\/2024\/07\/NoPath.png","contentUrl":"https:\/\/prosoponcatalunya.cat\/wp-content\/uploads\/2024\/07\/NoPath.png"},{"@type":"WebSite","@id":"https:\/\/prosoponcatalunya.cat\/#website","url":"https:\/\/prosoponcatalunya.cat\/","name":"Teatre Grecollat\u00ed","description":"El festival juvenil de teatre grecollat\u00ed de refer\u00e8ncia a Catalunya.","publisher":{"@id":"https:\/\/prosoponcatalunya.cat\/#organization"},"potentialAction":[{"@type":"SearchAction","target":{"@type":"EntryPoint","urlTemplate":"https:\/\/prosoponcatalunya.cat\/?s={search_term_string}"},"query-input":{"@type":"PropertyValueSpecification","valueRequired":true,"valueName":"search_term_string"}}],"inLanguage":"ca"},{"@type":"Organization","@id":"https:\/\/prosoponcatalunya.cat\/#organization","name":"Teatre Grecollat\u00ed","url":"https:\/\/prosoponcatalunya.cat\/","logo":{"@type":"ImageObject","inLanguage":"ca","@id":"https:\/\/prosoponcatalunya.cat\/#\/schema\/logo\/image\/","url":"https:\/\/i0.wp.com\/prosoponcatalunya.cat\/wp-content\/uploads\/2024\/10\/cropped-Full_Logo_Black.png?fit=1419%2C1442&ssl=1","contentUrl":"https:\/\/i0.wp.com\/prosoponcatalunya.cat\/wp-content\/uploads\/2024\/10\/cropped-Full_Logo_Black.png?fit=1419%2C1442&ssl=1","width":1419,"height":1442,"caption":"Teatre Grecollat\u00ed"},"image":{"@id":"https:\/\/prosoponcatalunya.cat\/#\/schema\/logo\/image\/"}}]}},"jetpack_sharing_enabled":true,"_links":{"self":[{"href":"https:\/\/prosoponcatalunya.cat\/ca\/wp-json\/wp\/v2\/pages\/1858","targetHints":{"allow":["GET"]}}],"collection":[{"href":"https:\/\/prosoponcatalunya.cat\/ca\/wp-json\/wp\/v2\/pages"}],"about":[{"href":"https:\/\/prosoponcatalunya.cat\/ca\/wp-json\/wp\/v2\/types\/page"}],"author":[{"embeddable":true,"href":"https:\/\/prosoponcatalunya.cat\/ca\/wp-json\/wp\/v2\/users\/249"}],"replies":[{"embeddable":true,"href":"https:\/\/prosoponcatalunya.cat\/ca\/wp-json\/wp\/v2\/comments?post=1858"}],"version-history":[{"count":5,"href":"https:\/\/prosoponcatalunya.cat\/ca\/wp-json\/wp\/v2\/pages\/1858\/revisions"}],"predecessor-version":[{"id":3796,"href":"https:\/\/prosoponcatalunya.cat\/ca\/wp-json\/wp\/v2\/pages\/1858\/revisions\/3796"}],"wp:attachment":[{"href":"https:\/\/prosoponcatalunya.cat\/ca\/wp-json\/wp\/v2\/media?parent=1858"}],"curies":[{"name":"wp","href":"https:\/\/api.w.org\/{rel}","templated":true}]}}