{"id":2750,"date":"2024-10-08T11:42:49","date_gmt":"2024-10-08T09:42:49","guid":{"rendered":"https:\/\/prosoponcatalunya.cat\/?page_id=2750"},"modified":"2025-10-24T20:26:07","modified_gmt":"2025-10-24T18:26:07","slug":"reserves","status":"publish","type":"page","link":"https:\/\/prosoponcatalunya.cat\/ca\/edicio-xxix\/reserves\/","title":{"rendered":"Reserves"},"content":{"rendered":"<body>\t\t<div data-elementor-type=\"wp-page\" data-elementor-id=\"2750\" class=\"elementor elementor-2750\" data-elementor-settings='{\"ha_cmc_init_switcher\":\"no\"}' data-elementor-post-type=\"page\">\n\t\t\t\t<div class=\"elementor-element elementor-element-9e527d9 e-con-full e-flex e-con e-parent\" data-id=\"9e527d9\" data-element_type=\"container\" data-e-type=\"container\" data-settings='{\"_ha_eqh_enable\":false}'>\n\t\t<div class=\"elementor-element elementor-element-bdede3d e-con-full e-flex e-con e-child\" data-id=\"bdede3d\" data-element_type=\"container\" data-e-type=\"container\" data-settings='{\"background_background\":\"classic\",\"_ha_eqh_enable\":false}'>\n\t\t\t\t<div class=\"elementor-element elementor-element-b0f4db2 elementor-widget elementor-widget-breadcrumbs\" data-id=\"b0f4db2\" data-element_type=\"widget\" data-e-type=\"widget\" data-widget_type=\"breadcrumbs.default\">\n\t\t\t\t<div class=\"elementor-widget-container\">\n\t\t\t\t\t<p id=\"breadcrumbs\"><\/p>\t\t\t\t<\/div>\n\t\t\t\t<\/div>\n\t\t\t\t<\/div>\n\t\t\t\t<\/div>\n\t\t<div class=\"elementor-element elementor-element-d057838 e-con-full footers e-flex e-con e-parent\" data-id=\"d057838\" data-element_type=\"container\" data-e-type=\"container\" data-settings='{\"background_background\":\"classic\",\"_ha_eqh_enable\":false}'>\n\t\t<div class=\"elementor-element elementor-element-ea5192b e-flex e-con-boxed e-con e-child\" data-id=\"ea5192b\" data-element_type=\"container\" data-e-type=\"container\" data-settings='{\"background_background\":\"classic\",\"_ha_eqh_enable\":false}'>\n\t\t\t\t\t<div class=\"e-con-inner\">\n\t\t\t\t<div class=\"elementor-element elementor-element-fc5de24 elementor-widget__width-inherit elementor-widget elementor-widget-html\" data-id=\"fc5de24\" data-element_type=\"widget\" data-e-type=\"widget\" data-widget_type=\"html.default\">\n\t\t\t\t<div class=\"elementor-widget-container\">\n\t\t\t\t\t<iframe src=\"https:\/\/script.google.com\/macros\/s\/AKfycbzzzUcDf6JamJWQqwVr6LGt-_xnoTwoIvHg8uHShXBtMQznJR5GEPuIl7IkOIv-LXlhGA\/exec\" style=\"width: 100%; height: 2000px; border: none;\">\r\n<\/iframe>\t\t\t\t<\/div>\n\t\t\t\t<\/div>\n\t\t\t\t\t<\/div>\n\t\t\t\t<\/div>\n\t\t\t\t<\/div>\n\t\t<div class=\"elementor-element elementor-element-10863ad e-flex e-con-boxed e-con e-parent\" data-id=\"10863ad\" data-element_type=\"container\" data-e-type=\"container\" data-settings='{\"background_background\":\"classic\",\"_ha_eqh_enable\":false}'>\n\t\t\t\t\t<div class=\"e-con-inner\">\n\t\t<div class=\"elementor-element elementor-element-e9e5f4f e-flex e-con-boxed e-con e-child\" data-id=\"e9e5f4f\" data-element_type=\"container\" data-e-type=\"container\" data-settings='{\"_ha_eqh_enable\":false}'>\n\t\t\t\t\t<div class=\"e-con-inner\">\n\t\t\t\t<div class=\"elementor-element elementor-element-e1e7783 elementor-widget elementor-widget-text-editor\" data-id=\"e1e7783\" data-element_type=\"widget\" data-e-type=\"widget\" data-widget_type=\"text-editor.default\">\n\t\t\t\t<div class=\"elementor-widget-container\">\n\t\t\t\t\t\t\t\t\t<p>Vols estar al dia de totes les novetats i <span style=\"text-decoration: underline;\">rebre informaci\u00f3<\/span> actualitzada del festival?<\/p>\t\t\t\t\t\t\t\t<\/div>\n\t\t\t\t<\/div>\n\t\t\t\t\t<\/div>\n\t\t\t\t<\/div>\n\t\t<div class=\"elementor-element elementor-element-1907802 e-con-full e-flex e-con e-child\" data-id=\"1907802\" data-element_type=\"container\" data-e-type=\"container\" data-settings='{\"_ha_eqh_enable\":false}'>\n\t\t<div class=\"elementor-element elementor-element-4babef6 e-flex e-con-boxed e-con e-child\" data-id=\"4babef6\" data-element_type=\"container\" data-e-type=\"container\" data-settings='{\"background_background\":\"classic\",\"_ha_eqh_enable\":false}'>\n\t\t\t\t\t<div class=\"e-con-inner\">\n\t\t\t\t<div class=\"elementor-element elementor-element-44b1d82 elementor-align-center elementor-widget elementor-widget-button\" data-id=\"44b1d82\" data-element_type=\"widget\" data-e-type=\"widget\" data-widget_type=\"button.default\">\n\t\t\t\t<div class=\"elementor-widget-container\">\n\t\t\t\t\t\t\t\t\t<div class=\"elementor-button-wrapper\">\n\t\t\t\t\t<a class=\"elementor-button elementor-button-link elementor-size-sm\" href=\"#elementor-action%3Aaction%3Dpopup%3Aopen%26settings%3DeyJpZCI6IjE5MjciLCJ0b2dnbGUiOmZhbHNlfQ%3D%3D\">\n\t\t\t\t\t\t<span class=\"elementor-button-content-wrapper\">\n\t\t\t\t\t\t\t\t\t<span class=\"elementor-button-text\">INSCRIU-TE A LA NEWSLETTER<\/span>\n\t\t\t\t\t<\/span>\n\t\t\t\t\t<\/a>\n\t\t\t\t<\/div>\n\t\t\t\t\t\t\t\t<\/div>\n\t\t\t\t<\/div>\n\t\t\t\t\t<\/div>\n\t\t\t\t<\/div>\n\t\t\t\t<\/div>\n\t\t\t\t\t<\/div>\n\t\t\t\t<\/div>\n\t\t<div class=\"elementor-element elementor-element-c5caa0e e-flex e-con-boxed e-con e-parent\" data-id=\"c5caa0e\" data-element_type=\"container\" data-e-type=\"container\" data-settings='{\"_ha_eqh_enable\":false}'>\n\t\t\t\t\t<div class=\"e-con-inner\">\n\t\t<div class=\"elementor-element elementor-element-7bd0397 e-con-full e-flex e-con e-child\" data-id=\"7bd0397\" data-element_type=\"container\" data-e-type=\"container\" data-settings='{\"_ha_eqh_enable\":false}'>\n\t\t\t\t<div class=\"elementor-element elementor-element-952f3c5 elementor-widget elementor-widget-heading\" data-id=\"952f3c5\" data-element_type=\"widget\" data-e-type=\"widget\" data-widget_type=\"heading.default\">\n\t\t\t\t<div class=\"elementor-widget-container\">\n\t\t\t\t\t<h3 class=\"elementor-heading-title elementor-size-default\">patrocinadors\n<\/h3>\t\t\t\t<\/div>\n\t\t\t\t<\/div>\n\t\t\t\t<\/div>\n\t\t<div class=\"elementor-element elementor-element-0f564fc e-grid e-con-full e-con e-child\" data-id=\"0f564fc\" data-element_type=\"container\" data-e-type=\"container\" data-settings='{\"_ha_eqh_enable\":false}'>\n\t\t\t\t<div class=\"elementor-element elementor-element-cf5b5aa elementor-widget elementor-widget-image\" data-id=\"cf5b5aa\" data-element_type=\"widget\" data-e-type=\"widget\" data-widget_type=\"image.default\">\n\t\t\t\t<div class=\"elementor-widget-container\">\n\t\t\t\t\t\t\t\t\t\t\t\t\t\t\t<img loading=\"lazy\" decoding=\"async\" width=\"261\" height=\"193\" src=\"https:\/\/i0.wp.com\/prosoponcatalunya.cat\/wp-content\/uploads\/2024\/07\/NoPath.png?fit=261%2C193&amp;ssl=1\" class=\"attachment-full size-full wp-image-234\" alt=\"\">\t\t\t\t\t\t\t\t\t\t\t\t\t\t\t<\/div>\n\t\t\t\t<\/div>\n\t\t\t\t<div class=\"elementor-element elementor-element-92f790a elementor-widget elementor-widget-image\" data-id=\"92f790a\" data-element_type=\"widget\" data-e-type=\"widget\" data-widget_type=\"image.default\">\n\t\t\t\t<div class=\"elementor-widget-container\">\n\t\t\t\t\t\t\t\t\t\t\t\t\t\t\t<img loading=\"lazy\" decoding=\"async\" width=\"329\" height=\"153\" src=\"https:\/\/i0.wp.com\/prosoponcatalunya.cat\/wp-content\/uploads\/2024\/07\/NoPath-copia.png?fit=329%2C153&amp;ssl=1\" class=\"attachment-full size-full wp-image-233\" alt=\"\" srcset=\"https:\/\/i0.wp.com\/prosoponcatalunya.cat\/wp-content\/uploads\/2024\/07\/NoPath-copia.png?w=329&amp;ssl=1 329w, https:\/\/i0.wp.com\/prosoponcatalunya.cat\/wp-content\/uploads\/2024\/07\/NoPath-copia.png?resize=300%2C140&amp;ssl=1 300w\" sizes=\"auto, (max-width: 329px) 100vw, 329px\">\t\t\t\t\t\t\t\t\t\t\t\t\t\t\t<\/div>\n\t\t\t\t<\/div>\n\t\t\t\t<div class=\"elementor-element elementor-element-7a43a84 elementor-widget elementor-widget-image\" data-id=\"7a43a84\" data-element_type=\"widget\" data-e-type=\"widget\" data-widget_type=\"image.default\">\n\t\t\t\t<div class=\"elementor-widget-container\">\n\t\t\t\t\t\t\t\t\t\t\t\t\t\t\t<img loading=\"lazy\" decoding=\"async\" width=\"228\" height=\"56\" src=\"https:\/\/i0.wp.com\/prosoponcatalunya.cat\/wp-content\/uploads\/2024\/07\/NoPath-copia-2.png?fit=228%2C56&amp;ssl=1\" class=\"attachment-full size-full wp-image-232\" alt=\"\">\t\t\t\t\t\t\t\t\t\t\t\t\t\t\t<\/div>\n\t\t\t\t<\/div>\n\t\t\t\t<div class=\"elementor-element elementor-element-4d2d3b4 elementor-widget elementor-widget-image\" data-id=\"4d2d3b4\" data-element_type=\"widget\" data-e-type=\"widget\" data-widget_type=\"image.default\">\n\t\t\t\t<div class=\"elementor-widget-container\">\n\t\t\t\t\t\t\t\t\t\t\t\t\t\t\t<img loading=\"lazy\" decoding=\"async\" width=\"270\" height=\"105\" src=\"https:\/\/i0.wp.com\/prosoponcatalunya.cat\/wp-content\/uploads\/2024\/07\/NoPath-copia-3.png?fit=270%2C105&amp;ssl=1\" class=\"attachment-full size-full wp-image-231\" alt=\"\">\t\t\t\t\t\t\t\t\t\t\t\t\t\t\t<\/div>\n\t\t\t\t<\/div>\n\t\t\t\t<div class=\"elementor-element elementor-element-6446bca elementor-widget elementor-widget-image\" data-id=\"6446bca\" data-element_type=\"widget\" data-e-type=\"widget\" data-widget_type=\"image.default\">\n\t\t\t\t<div class=\"elementor-widget-container\">\n\t\t\t\t\t\t\t\t\t\t\t\t\t\t\t<img loading=\"lazy\" decoding=\"async\" width=\"290\" height=\"174\" src=\"https:\/\/i0.wp.com\/prosoponcatalunya.cat\/wp-content\/uploads\/2024\/07\/NoPath-copia-4.png?fit=290%2C174&amp;ssl=1\" class=\"attachment-full size-full wp-image-230\" alt=\"\">\t\t\t\t\t\t\t\t\t\t\t\t\t\t\t<\/div>\n\t\t\t\t<\/div>\n\t\t\t\t<\/div>\n\t\t\t\t\t<\/div>\n\t\t\t\t<\/div>\n\t\t\t\t<\/div>\n\t\t<\/body>","protected":false},"excerpt":{"rendered":"<p>Vols estar al dia de totes les novetats i rebre informaci\u00f3 actualitzada del festival? INSCRIU-TE A LA NEWSLETTER patrocinadors<\/p>","protected":false},"author":2,"featured_media":0,"parent":57,"menu_order":0,"comment_status":"closed","ping_status":"closed","template":"elementor_header_footer","meta":{"_acf_changed":false,"om_disable_all_campaigns":false,"footnotes":""},"class_list":["post-2750","page","type-page","status-publish","hentry"],"acf":[],"yoast_head":"<!-- This site is optimized with the Yoast SEO plugin v27.4 - https:\/\/yoast.com\/product\/yoast-seo-wordpress\/ -->\n<title>Reserves - Teatre Grecollat\u00ed<\/title>\n<meta name=\"robots\" content=\"index, follow, max-snippet:-1, max-image-preview:large, max-video-preview:-1\" \/>\n<link rel=\"canonical\" href=\"https:\/\/prosoponcatalunya.cat\/ca\/edicio-xxix\/reserves\/\" \/>\n<meta property=\"og:locale\" content=\"ca_ES\" \/>\n<meta property=\"og:type\" content=\"article\" \/>\n<meta property=\"og:title\" content=\"Reserves - Teatre Grecollat\u00ed\" \/>\n<meta property=\"og:description\" content=\"Vols estar al dia de totes les novetats i rebre informaci\u00f3 actualitzada del festival? INSCRIU-TE A LA NEWSLETTER patrocinadors\" \/>\n<meta property=\"og:url\" content=\"https:\/\/prosoponcatalunya.cat\/ca\/edicio-xxix\/reserves\/\" \/>\n<meta property=\"og:site_name\" content=\"Teatre Grecollat\u00ed\" \/>\n<meta property=\"article:modified_time\" content=\"2025-10-24T18:26:07+00:00\" \/>\n<meta property=\"og:image\" content=\"https:\/\/prosoponcatalunya.cat\/wp-content\/uploads\/2024\/07\/NoPath.png\" \/>\n<meta name=\"twitter:card\" content=\"summary_large_image\" \/>\n<meta name=\"twitter:label1\" content=\"Temps estimat de lectura\" \/>\n\t<meta name=\"twitter:data1\" content=\"2 minuts\" \/>\n<script type=\"application\/ld+json\" class=\"yoast-schema-graph\">{\"@context\":\"https:\\\/\\\/schema.org\",\"@graph\":[{\"@type\":\"WebPage\",\"@id\":\"https:\\\/\\\/prosoponcatalunya.cat\\\/edicio-xxix\\\/reserves\\\/\",\"url\":\"https:\\\/\\\/prosoponcatalunya.cat\\\/edicio-xxix\\\/reserves\\\/\",\"name\":\"Reserves - Teatre Grecollat\u00ed\",\"isPartOf\":{\"@id\":\"https:\\\/\\\/prosoponcatalunya.cat\\\/#website\"},\"primaryImageOfPage\":{\"@id\":\"https:\\\/\\\/prosoponcatalunya.cat\\\/edicio-xxix\\\/reserves\\\/#primaryimage\"},\"image\":{\"@id\":\"https:\\\/\\\/prosoponcatalunya.cat\\\/edicio-xxix\\\/reserves\\\/#primaryimage\"},\"thumbnailUrl\":\"https:\\\/\\\/prosoponcatalunya.cat\\\/wp-content\\\/uploads\\\/2024\\\/07\\\/NoPath.png\",\"datePublished\":\"2024-10-08T09:42:49+00:00\",\"dateModified\":\"2025-10-24T18:26:07+00:00\",\"breadcrumb\":{\"@id\":\"https:\\\/\\\/prosoponcatalunya.cat\\\/edicio-xxix\\\/reserves\\\/#breadcrumb\"},\"inLanguage\":\"ca\",\"potentialAction\":[{\"@type\":\"ReadAction\",\"target\":[\"https:\\\/\\\/prosoponcatalunya.cat\\\/edicio-xxix\\\/reserves\\\/\"]}]},{\"@type\":\"ImageObject\",\"inLanguage\":\"ca\",\"@id\":\"https:\\\/\\\/prosoponcatalunya.cat\\\/edicio-xxix\\\/reserves\\\/#primaryimage\",\"url\":\"https:\\\/\\\/prosoponcatalunya.cat\\\/wp-content\\\/uploads\\\/2024\\\/07\\\/NoPath.png\",\"contentUrl\":\"https:\\\/\\\/prosoponcatalunya.cat\\\/wp-content\\\/uploads\\\/2024\\\/07\\\/NoPath.png\"},{\"@type\":\"BreadcrumbList\",\"@id\":\"https:\\\/\\\/prosoponcatalunya.cat\\\/edicio-xxix\\\/reserves\\\/#breadcrumb\",\"itemListElement\":[{\"@type\":\"ListItem\",\"position\":1,\"name\":\"EDICI\u00d3 XXIX\",\"item\":\"https:\\\/\\\/prosoponcatalunya.cat\\\/edicio-xxix\\\/\"},{\"@type\":\"ListItem\",\"position\":2,\"name\":\"Reserves\"}]},{\"@type\":\"WebSite\",\"@id\":\"https:\\\/\\\/prosoponcatalunya.cat\\\/#website\",\"url\":\"https:\\\/\\\/prosoponcatalunya.cat\\\/\",\"name\":\"Teatre Grecollat\u00ed\",\"description\":\"El festival juvenil de teatre grecollat\u00ed de refer\u00e8ncia a Catalunya.\",\"publisher\":{\"@id\":\"https:\\\/\\\/prosoponcatalunya.cat\\\/#organization\"},\"potentialAction\":[{\"@type\":\"SearchAction\",\"target\":{\"@type\":\"EntryPoint\",\"urlTemplate\":\"https:\\\/\\\/prosoponcatalunya.cat\\\/?s={search_term_string}\"},\"query-input\":{\"@type\":\"PropertyValueSpecification\",\"valueRequired\":true,\"valueName\":\"search_term_string\"}}],\"inLanguage\":\"ca\"},{\"@type\":\"Organization\",\"@id\":\"https:\\\/\\\/prosoponcatalunya.cat\\\/#organization\",\"name\":\"Teatre Grecollat\u00ed\",\"url\":\"https:\\\/\\\/prosoponcatalunya.cat\\\/\",\"logo\":{\"@type\":\"ImageObject\",\"inLanguage\":\"ca\",\"@id\":\"https:\\\/\\\/prosoponcatalunya.cat\\\/#\\\/schema\\\/logo\\\/image\\\/\",\"url\":\"https:\\\/\\\/i0.wp.com\\\/prosoponcatalunya.cat\\\/wp-content\\\/uploads\\\/2024\\\/10\\\/cropped-Full_Logo_Black.png?fit=1419%2C1442&ssl=1\",\"contentUrl\":\"https:\\\/\\\/i0.wp.com\\\/prosoponcatalunya.cat\\\/wp-content\\\/uploads\\\/2024\\\/10\\\/cropped-Full_Logo_Black.png?fit=1419%2C1442&ssl=1\",\"width\":1419,\"height\":1442,\"caption\":\"Teatre Grecollat\u00ed\"},\"image\":{\"@id\":\"https:\\\/\\\/prosoponcatalunya.cat\\\/#\\\/schema\\\/logo\\\/image\\\/\"}}]}<\/script>\n<!-- \/ Yoast SEO plugin. -->","yoast_head_json":{"title":"Reserves - Teatre Grecollat\u00ed","robots":{"index":"index","follow":"follow","max-snippet":"max-snippet:-1","max-image-preview":"max-image-preview:large","max-video-preview":"max-video-preview:-1"},"canonical":"https:\/\/prosoponcatalunya.cat\/ca\/edicio-xxix\/reserves\/","og_locale":"ca_ES","og_type":"article","og_title":"Reserves - Teatre Grecollat\u00ed","og_description":"Vols estar al dia de totes les novetats i rebre informaci\u00f3 actualitzada del festival? INSCRIU-TE A LA NEWSLETTER patrocinadors","og_url":"https:\/\/prosoponcatalunya.cat\/ca\/edicio-xxix\/reserves\/","og_site_name":"Teatre Grecollat\u00ed","article_modified_time":"2025-10-24T18:26:07+00:00","og_image":[{"url":"https:\/\/prosoponcatalunya.cat\/wp-content\/uploads\/2024\/07\/NoPath.png","type":"","width":"","height":""}],"twitter_card":"summary_large_image","twitter_misc":{"Temps estimat de lectura":"2 minuts"},"schema":{"@context":"https:\/\/schema.org","@graph":[{"@type":"WebPage","@id":"https:\/\/prosoponcatalunya.cat\/edicio-xxix\/reserves\/","url":"https:\/\/prosoponcatalunya.cat\/edicio-xxix\/reserves\/","name":"Reserves - Teatre Grecollat\u00ed","isPartOf":{"@id":"https:\/\/prosoponcatalunya.cat\/#website"},"primaryImageOfPage":{"@id":"https:\/\/prosoponcatalunya.cat\/edicio-xxix\/reserves\/#primaryimage"},"image":{"@id":"https:\/\/prosoponcatalunya.cat\/edicio-xxix\/reserves\/#primaryimage"},"thumbnailUrl":"https:\/\/prosoponcatalunya.cat\/wp-content\/uploads\/2024\/07\/NoPath.png","datePublished":"2024-10-08T09:42:49+00:00","dateModified":"2025-10-24T18:26:07+00:00","breadcrumb":{"@id":"https:\/\/prosoponcatalunya.cat\/edicio-xxix\/reserves\/#breadcrumb"},"inLanguage":"ca","potentialAction":[{"@type":"ReadAction","target":["https:\/\/prosoponcatalunya.cat\/edicio-xxix\/reserves\/"]}]},{"@type":"ImageObject","inLanguage":"ca","@id":"https:\/\/prosoponcatalunya.cat\/edicio-xxix\/reserves\/#primaryimage","url":"https:\/\/prosoponcatalunya.cat\/wp-content\/uploads\/2024\/07\/NoPath.png","contentUrl":"https:\/\/prosoponcatalunya.cat\/wp-content\/uploads\/2024\/07\/NoPath.png"},{"@type":"BreadcrumbList","@id":"https:\/\/prosoponcatalunya.cat\/edicio-xxix\/reserves\/#breadcrumb","itemListElement":[{"@type":"ListItem","position":1,"name":"EDICI\u00d3 XXIX","item":"https:\/\/prosoponcatalunya.cat\/edicio-xxix\/"},{"@type":"ListItem","position":2,"name":"Reserves"}]},{"@type":"WebSite","@id":"https:\/\/prosoponcatalunya.cat\/#website","url":"https:\/\/prosoponcatalunya.cat\/","name":"Teatre Grecollat\u00ed","description":"El festival juvenil de teatre grecollat\u00ed de refer\u00e8ncia a Catalunya.","publisher":{"@id":"https:\/\/prosoponcatalunya.cat\/#organization"},"potentialAction":[{"@type":"SearchAction","target":{"@type":"EntryPoint","urlTemplate":"https:\/\/prosoponcatalunya.cat\/?s={search_term_string}"},"query-input":{"@type":"PropertyValueSpecification","valueRequired":true,"valueName":"search_term_string"}}],"inLanguage":"ca"},{"@type":"Organization","@id":"https:\/\/prosoponcatalunya.cat\/#organization","name":"Teatre Grecollat\u00ed","url":"https:\/\/prosoponcatalunya.cat\/","logo":{"@type":"ImageObject","inLanguage":"ca","@id":"https:\/\/prosoponcatalunya.cat\/#\/schema\/logo\/image\/","url":"https:\/\/i0.wp.com\/prosoponcatalunya.cat\/wp-content\/uploads\/2024\/10\/cropped-Full_Logo_Black.png?fit=1419%2C1442&ssl=1","contentUrl":"https:\/\/i0.wp.com\/prosoponcatalunya.cat\/wp-content\/uploads\/2024\/10\/cropped-Full_Logo_Black.png?fit=1419%2C1442&ssl=1","width":1419,"height":1442,"caption":"Teatre Grecollat\u00ed"},"image":{"@id":"https:\/\/prosoponcatalunya.cat\/#\/schema\/logo\/image\/"}}]}},"jetpack_sharing_enabled":true,"_links":{"self":[{"href":"https:\/\/prosoponcatalunya.cat\/ca\/wp-json\/wp\/v2\/pages\/2750","targetHints":{"allow":["GET"]}}],"collection":[{"href":"https:\/\/prosoponcatalunya.cat\/ca\/wp-json\/wp\/v2\/pages"}],"about":[{"href":"https:\/\/prosoponcatalunya.cat\/ca\/wp-json\/wp\/v2\/types\/page"}],"author":[{"embeddable":true,"href":"https:\/\/prosoponcatalunya.cat\/ca\/wp-json\/wp\/v2\/users\/2"}],"replies":[{"embeddable":true,"href":"https:\/\/prosoponcatalunya.cat\/ca\/wp-json\/wp\/v2\/comments?post=2750"}],"version-history":[{"count":5,"href":"https:\/\/prosoponcatalunya.cat\/ca\/wp-json\/wp\/v2\/pages\/2750\/revisions"}],"predecessor-version":[{"id":3469,"href":"https:\/\/prosoponcatalunya.cat\/ca\/wp-json\/wp\/v2\/pages\/2750\/revisions\/3469"}],"up":[{"embeddable":true,"href":"https:\/\/prosoponcatalunya.cat\/ca\/wp-json\/wp\/v2\/pages\/57"}],"wp:attachment":[{"href":"https:\/\/prosoponcatalunya.cat\/ca\/wp-json\/wp\/v2\/media?parent=2750"}],"curies":[{"name":"wp","href":"https:\/\/api.w.org\/{rel}","templated":true}]}}