{"id":306,"date":"2024-07-16T09:19:28","date_gmt":"2024-07-16T09:19:28","guid":{"rendered":"https:\/\/jovial-mccarthy.93-93-118-239.plesk.page\/?page_id=306"},"modified":"2026-04-07T22:25:23","modified_gmt":"2026-04-07T20:25:23","slug":"carta-de-presentacio","status":"publish","type":"page","link":"https:\/\/prosoponcatalunya.cat\/ca\/edicio-xxix\/carta-de-presentacio\/","title":{"rendered":"Carta de Presentaci\u00f3"},"content":{"rendered":"<body>\t\t<div data-elementor-type=\"wp-page\" data-elementor-id=\"306\" class=\"elementor elementor-306\" data-elementor-settings='{\"ha_cmc_init_switcher\":\"no\"}' data-elementor-post-type=\"page\">\n\t\t\t\t<div class=\"elementor-element elementor-element-9e527d9 e-con-full e-flex e-con e-parent\" data-id=\"9e527d9\" data-element_type=\"container\" data-e-type=\"container\" data-settings='{\"_ha_eqh_enable\":false}'>\n\t\t<div class=\"elementor-element elementor-element-bdede3d e-con-full e-flex e-con e-child\" data-id=\"bdede3d\" data-element_type=\"container\" data-e-type=\"container\" data-settings='{\"background_background\":\"classic\",\"_ha_eqh_enable\":false}'>\n\t\t\t\t<div class=\"elementor-element elementor-element-b0f4db2 elementor-widget elementor-widget-breadcrumbs\" data-id=\"b0f4db2\" data-element_type=\"widget\" data-e-type=\"widget\" data-widget_type=\"breadcrumbs.default\">\n\t\t\t\t<div class=\"elementor-widget-container\">\n\t\t\t\t\t<p id=\"breadcrumbs\"><\/p>\t\t\t\t<\/div>\n\t\t\t\t<\/div>\n\t\t\t\t<\/div>\n\t\t\t\t<\/div>\n\t\t<div class=\"elementor-element elementor-element-d057838 e-con-full footers e-flex e-con e-parent\" data-id=\"d057838\" data-element_type=\"container\" data-e-type=\"container\" data-settings='{\"background_background\":\"classic\",\"_ha_eqh_enable\":false}'>\n\t\t<div class=\"elementor-element elementor-element-ea5192b e-flex e-con-boxed e-con e-child\" data-id=\"ea5192b\" data-element_type=\"container\" data-e-type=\"container\" data-settings='{\"background_background\":\"classic\",\"_ha_eqh_enable\":false}'>\n\t\t\t\t\t<div class=\"e-con-inner\">\n\t\t\t\t<div class=\"elementor-element elementor-element-a7613ea elementor-widget elementor-widget-text-editor\" data-id=\"a7613ea\" data-element_type=\"widget\" data-e-type=\"widget\" data-widget_type=\"text-editor.default\">\n\t\t\t\t<div class=\"elementor-widget-container\">\n\t\t\t\t\t\t\t\t\t<p>Benvolgudes, Benvolguts,<\/p><p>Enguany celebrem una fita molt especial: la<b> trentena edici\u00f3 del Festival de Teatre Grecollat\u00ed a Catalunya<\/b>. S\u00f3n trenta anys de comprom\u00eds amb la cultura cl\u00e0ssica, amb l\u2019educaci\u00f3 i amb el teatre com a eina viva de transmissi\u00f3 de coneixement, emocions i valors. I ho volem celebrar com cal, amb un programa pensat per continuar emocionant, formant i entretenint les generacions d\u2019estudiants que ens acompanyen any rere any.<\/p><p>Aprofitant aquesta efem\u00e8ride, volem continuar millorant. Seguim apostant per una comunicaci\u00f3 m\u00e9s directa i \u00e0gil amb tots vosaltres, gr\u00e0cies a la nostra nova p\u00e0gina web, estrenada l\u2019any passat, que ens ha perm\u00e8s fer m\u00e9s senzill tot el proc\u00e9s de registre i reserva, aix\u00ed com millorar la informaci\u00f3 i el contacte amb vosaltres. Ens alegra veure la bona rebuda que tingut aquesta nova eina i l\u2019\u00fatil que ha sigut pels centres participants.<\/p><p>En aquesta trentena edici\u00f3, us presentem un programa que mant\u00e9 el format habitual de tres dies, amb un total de set representacions repartides entre L\u2019Hospitalet de Llobregat i Tarragona. Enguany, comptarem amb dues companyies que ja han deixat empremta i que prometen tornar-ho a fer.<\/p><p>El tancament per obres durant l\u2019any 2026 de la seu de L\u2019Hospitalet de Llobregat, el Teatre Joventut, ha fet que haguem d\u2019avan\u00e7ar uns mesos les representacions en aquesta seu. Els dies<b> 4 i 5 de novembre de 2025<\/b>, al Teatre Joventut de L\u2019Hospitalet, el grup Parodos, vingut des de Talarrubias (Badajoz), ens oferir\u00e0 la representaci\u00f3 de la trag\u00e8dia <b><em>Bacants<\/em> <\/b>d\u2019Eur\u00edpides i de la com\u00e8dia de Plaute <em><b>Cistellaria<\/b><\/em>.<\/p><p>Aquest any, tornem a repetir l\u2019empla\u00e7ament del Festival a Tarragona, el meravell\u00f3s Auditori August del Palau de Fires i Congressos on el grup de Benalm\u00e1dena (M\u00e0laga) Alezeia, que en l\u2019edici\u00f3 anterior ens van sorprendre a la seu de L\u2019Hospitalet, ens presentaran, el dia 14 d\u2019abril la representaci\u00f3 de Ant\u00edgona de S\u00f2focles i, per partida doble, al mat\u00ed i a la tarda, la Mostellaria de Plaute.<\/p><p>Com sempre, volem expressar-vos el nostre m\u00e9s sincer agra\u00efment per la confian\u00e7a i la fidelitat, edici\u00f3 rere edici\u00f3, perqu\u00e8 feu possible que aquest Festival continu\u00ef viu. Gr\u00e0cies a vosaltres, a les vostres propostes i suggeriments, aquest projecte s\u2019enriqueix i es renova any rere any amb un esperit compartit: fer arribar els Cl\u00e0ssics al nostre alumnat d\u2019una manera viva, emocionant i memorable.<\/p><p>Esperem que el programa d\u2019aquest any sigui del vostre inter\u00e8s i que compartiu amb nosaltres la il\u00b7lusi\u00f3 i l\u2019entusiasme per aquest 30\u00e8 aniversari del Festival de Teatre Grecollat\u00ed a Catalunya.<\/p><p>Amb estima i gratitud,<\/p><p>L\u2019equip del Festival<\/p>\t\t\t\t\t\t\t\t<\/div>\n\t\t\t\t<\/div>\n\t\t\t\t\t<\/div>\n\t\t\t\t<\/div>\n\t\t\t\t<\/div>\n\t\t<div class=\"elementor-element elementor-element-10863ad e-flex e-con-boxed e-con e-parent\" data-id=\"10863ad\" data-element_type=\"container\" data-e-type=\"container\" data-settings='{\"background_background\":\"classic\",\"_ha_eqh_enable\":false}'>\n\t\t\t\t\t<div class=\"e-con-inner\">\n\t\t<div class=\"elementor-element elementor-element-e9e5f4f e-flex e-con-boxed e-con e-child\" data-id=\"e9e5f4f\" data-element_type=\"container\" data-e-type=\"container\" data-settings='{\"_ha_eqh_enable\":false}'>\n\t\t\t\t\t<div class=\"e-con-inner\">\n\t\t\t\t<div class=\"elementor-element elementor-element-e1e7783 elementor-widget elementor-widget-text-editor\" data-id=\"e1e7783\" data-element_type=\"widget\" data-e-type=\"widget\" data-widget_type=\"text-editor.default\">\n\t\t\t\t<div class=\"elementor-widget-container\">\n\t\t\t\t\t\t\t\t\t<p>Vols estar al dia de totes les novetats i <span style=\"text-decoration: underline;\">rebre informaci\u00f3<\/span> actualitzada del festival?<\/p>\t\t\t\t\t\t\t\t<\/div>\n\t\t\t\t<\/div>\n\t\t\t\t\t<\/div>\n\t\t\t\t<\/div>\n\t\t<div class=\"elementor-element elementor-element-1907802 e-con-full e-flex e-con e-child\" data-id=\"1907802\" data-element_type=\"container\" data-e-type=\"container\" data-settings='{\"_ha_eqh_enable\":false}'>\n\t\t<div class=\"elementor-element elementor-element-4babef6 e-flex e-con-boxed e-con e-child\" data-id=\"4babef6\" data-element_type=\"container\" data-e-type=\"container\" data-settings='{\"background_background\":\"classic\",\"_ha_eqh_enable\":false}'>\n\t\t\t\t\t<div class=\"e-con-inner\">\n\t\t\t\t<div class=\"elementor-element elementor-element-44b1d82 elementor-align-center elementor-widget elementor-widget-button\" data-id=\"44b1d82\" data-element_type=\"widget\" data-e-type=\"widget\" data-widget_type=\"button.default\">\n\t\t\t\t<div class=\"elementor-widget-container\">\n\t\t\t\t\t\t\t\t\t<div class=\"elementor-button-wrapper\">\n\t\t\t\t\t<a class=\"elementor-button elementor-button-link elementor-size-sm\" href=\"#elementor-action%3Aaction%3Dpopup%3Aopen%26settings%3DeyJpZCI6IjE5MjciLCJ0b2dnbGUiOmZhbHNlfQ%3D%3D\">\n\t\t\t\t\t\t<span class=\"elementor-button-content-wrapper\">\n\t\t\t\t\t\t\t\t\t<span class=\"elementor-button-text\">INSCRIU-TE A LA NEWSLETTER<\/span>\n\t\t\t\t\t<\/span>\n\t\t\t\t\t<\/a>\n\t\t\t\t<\/div>\n\t\t\t\t\t\t\t\t<\/div>\n\t\t\t\t<\/div>\n\t\t\t\t\t<\/div>\n\t\t\t\t<\/div>\n\t\t\t\t<\/div>\n\t\t\t\t\t<\/div>\n\t\t\t\t<\/div>\n\t\t<div class=\"elementor-element elementor-element-c5caa0e e-flex e-con-boxed e-con e-parent\" data-id=\"c5caa0e\" data-element_type=\"container\" data-e-type=\"container\" data-settings='{\"_ha_eqh_enable\":false}'>\n\t\t\t\t\t<div class=\"e-con-inner\">\n\t\t<div class=\"elementor-element elementor-element-7bd0397 e-con-full e-flex e-con e-child\" data-id=\"7bd0397\" data-element_type=\"container\" data-e-type=\"container\" data-settings='{\"_ha_eqh_enable\":false}'>\n\t\t\t\t<div class=\"elementor-element elementor-element-952f3c5 elementor-widget elementor-widget-heading\" data-id=\"952f3c5\" data-element_type=\"widget\" data-e-type=\"widget\" data-widget_type=\"heading.default\">\n\t\t\t\t<div class=\"elementor-widget-container\">\n\t\t\t\t\t<h3 class=\"elementor-heading-title elementor-size-default\">patrocinadors\n<\/h3>\t\t\t\t<\/div>\n\t\t\t\t<\/div>\n\t\t\t\t<\/div>\n\t\t<div class=\"elementor-element elementor-element-0f564fc e-grid e-con-full e-con e-child\" data-id=\"0f564fc\" data-element_type=\"container\" data-e-type=\"container\" data-settings='{\"_ha_eqh_enable\":false}'>\n\t\t\t\t<div class=\"elementor-element elementor-element-cf5b5aa elementor-widget elementor-widget-image\" data-id=\"cf5b5aa\" data-element_type=\"widget\" data-e-type=\"widget\" data-widget_type=\"image.default\">\n\t\t\t\t<div class=\"elementor-widget-container\">\n\t\t\t\t\t\t\t\t\t\t\t\t\t\t\t<img loading=\"lazy\" decoding=\"async\" width=\"261\" height=\"193\" src=\"https:\/\/i0.wp.com\/prosoponcatalunya.cat\/wp-content\/uploads\/2024\/07\/NoPath.png?fit=261%2C193&amp;ssl=1\" class=\"attachment-full size-full wp-image-234\" alt=\"\">\t\t\t\t\t\t\t\t\t\t\t\t\t\t\t<\/div>\n\t\t\t\t<\/div>\n\t\t\t\t<div class=\"elementor-element elementor-element-92f790a elementor-widget elementor-widget-image\" data-id=\"92f790a\" data-element_type=\"widget\" data-e-type=\"widget\" data-widget_type=\"image.default\">\n\t\t\t\t<div class=\"elementor-widget-container\">\n\t\t\t\t\t\t\t\t\t\t\t\t\t\t\t<img loading=\"lazy\" decoding=\"async\" width=\"329\" height=\"153\" src=\"https:\/\/i0.wp.com\/prosoponcatalunya.cat\/wp-content\/uploads\/2024\/07\/NoPath-copia.png?fit=329%2C153&amp;ssl=1\" class=\"attachment-full size-full wp-image-233\" alt=\"\" srcset=\"https:\/\/i0.wp.com\/prosoponcatalunya.cat\/wp-content\/uploads\/2024\/07\/NoPath-copia.png?w=329&amp;ssl=1 329w, https:\/\/i0.wp.com\/prosoponcatalunya.cat\/wp-content\/uploads\/2024\/07\/NoPath-copia.png?resize=300%2C140&amp;ssl=1 300w\" sizes=\"auto, (max-width: 329px) 100vw, 329px\">\t\t\t\t\t\t\t\t\t\t\t\t\t\t\t<\/div>\n\t\t\t\t<\/div>\n\t\t\t\t<div class=\"elementor-element elementor-element-7a43a84 elementor-widget elementor-widget-image\" data-id=\"7a43a84\" data-element_type=\"widget\" data-e-type=\"widget\" data-widget_type=\"image.default\">\n\t\t\t\t<div class=\"elementor-widget-container\">\n\t\t\t\t\t\t\t\t\t\t\t\t\t\t\t<img loading=\"lazy\" decoding=\"async\" width=\"228\" height=\"56\" src=\"https:\/\/i0.wp.com\/prosoponcatalunya.cat\/wp-content\/uploads\/2024\/07\/NoPath-copia-2.png?fit=228%2C56&amp;ssl=1\" class=\"attachment-full size-full wp-image-232\" alt=\"\">\t\t\t\t\t\t\t\t\t\t\t\t\t\t\t<\/div>\n\t\t\t\t<\/div>\n\t\t\t\t<div class=\"elementor-element elementor-element-4d2d3b4 elementor-widget elementor-widget-image\" data-id=\"4d2d3b4\" data-element_type=\"widget\" data-e-type=\"widget\" data-widget_type=\"image.default\">\n\t\t\t\t<div class=\"elementor-widget-container\">\n\t\t\t\t\t\t\t\t\t\t\t\t\t\t\t<img loading=\"lazy\" decoding=\"async\" width=\"270\" height=\"105\" src=\"https:\/\/i0.wp.com\/prosoponcatalunya.cat\/wp-content\/uploads\/2024\/07\/NoPath-copia-3.png?fit=270%2C105&amp;ssl=1\" class=\"attachment-full size-full wp-image-231\" alt=\"\">\t\t\t\t\t\t\t\t\t\t\t\t\t\t\t<\/div>\n\t\t\t\t<\/div>\n\t\t\t\t<div class=\"elementor-element elementor-element-6446bca elementor-widget elementor-widget-image\" data-id=\"6446bca\" data-element_type=\"widget\" data-e-type=\"widget\" data-widget_type=\"image.default\">\n\t\t\t\t<div class=\"elementor-widget-container\">\n\t\t\t\t\t\t\t\t\t\t\t\t\t\t\t<img loading=\"lazy\" decoding=\"async\" width=\"290\" height=\"174\" src=\"https:\/\/i0.wp.com\/prosoponcatalunya.cat\/wp-content\/uploads\/2024\/07\/NoPath-copia-4.png?fit=290%2C174&amp;ssl=1\" class=\"attachment-full size-full wp-image-230\" alt=\"\">\t\t\t\t\t\t\t\t\t\t\t\t\t\t\t<\/div>\n\t\t\t\t<\/div>\n\t\t\t\t<\/div>\n\t\t\t\t\t<\/div>\n\t\t\t\t<\/div>\n\t\t\t\t<\/div>\n\t\t<\/body>","protected":false},"excerpt":{"rendered":"<p>Benvolgudes, Benvolguts, Enguany celebrem una fita molt especial: la trentena edici\u00f3 del Festival de Teatre Grecollat\u00ed a Catalunya. S\u00f3n trenta anys de comprom\u00eds amb la cultura cl\u00e0ssica, amb l\u2019educaci\u00f3 i amb el teatre com a eina viva de transmissi\u00f3 de coneixement, emocions i valors. I ho volem celebrar com cal, amb un programa pensat per [&hellip;]<\/p>\n","protected":false},"author":249,"featured_media":0,"parent":57,"menu_order":0,"comment_status":"closed","ping_status":"closed","template":"elementor_header_footer","meta":{"_acf_changed":false,"om_disable_all_campaigns":false,"footnotes":""},"class_list":["post-306","page","type-page","status-publish","hentry"],"acf":[],"yoast_head":"<!-- This site is optimized with the Yoast SEO plugin v27.5 - https:\/\/yoast.com\/product\/yoast-seo-wordpress\/ -->\n<title>Carta de Presentaci\u00f3 - Teatre Grecollat\u00ed<\/title>\n<meta name=\"description\" content=\"Benvinguts a la Carta de Presentaci\u00f3 - Teatre Grecollat\u00ed! Descobreix la nova imatge del festival i gaudeix de set representacions de teatre cl\u00e0ssic a Catalunya.\" \/>\n<meta name=\"robots\" content=\"index, follow, max-snippet:-1, max-image-preview:large, max-video-preview:-1\" \/>\n<link rel=\"canonical\" href=\"https:\/\/prosoponcatalunya.cat\/ca\/edicio-xxix\/carta-de-presentacio\/\" \/>\n<meta property=\"og:locale\" content=\"ca_ES\" \/>\n<meta property=\"og:type\" content=\"article\" \/>\n<meta property=\"og:title\" content=\"Carta de Presentaci\u00f3 - Teatre Grecollat\u00ed\" \/>\n<meta property=\"og:description\" content=\"Benvinguts a la Carta de Presentaci\u00f3 - Teatre Grecollat\u00ed! Descobreix la nova imatge del festival i gaudeix de set representacions de teatre cl\u00e0ssic a Catalunya.\" \/>\n<meta property=\"og:url\" content=\"https:\/\/prosoponcatalunya.cat\/ca\/edicio-xxix\/carta-de-presentacio\/\" \/>\n<meta property=\"og:site_name\" content=\"Teatre Grecollat\u00ed\" \/>\n<meta property=\"article:modified_time\" content=\"2026-04-07T20:25:23+00:00\" \/>\n<meta property=\"og:image\" content=\"https:\/\/prosoponcatalunya.cat\/wp-content\/uploads\/2024\/07\/NoPath.png\" \/>\n<meta name=\"twitter:card\" content=\"summary_large_image\" \/>\n<meta name=\"twitter:label1\" content=\"Temps estimat de lectura\" \/>\n\t<meta name=\"twitter:data1\" content=\"4 minuts\" \/>\n<script type=\"application\/ld+json\" class=\"yoast-schema-graph\">{\"@context\":\"https:\\\/\\\/schema.org\",\"@graph\":[{\"@type\":\"WebPage\",\"@id\":\"https:\\\/\\\/prosoponcatalunya.cat\\\/edicio-xxix\\\/carta-de-presentacio\\\/\",\"url\":\"https:\\\/\\\/prosoponcatalunya.cat\\\/edicio-xxix\\\/carta-de-presentacio\\\/\",\"name\":\"Carta de Presentaci\u00f3 - Teatre Grecollat\u00ed\",\"isPartOf\":{\"@id\":\"https:\\\/\\\/prosoponcatalunya.cat\\\/#website\"},\"primaryImageOfPage\":{\"@id\":\"https:\\\/\\\/prosoponcatalunya.cat\\\/edicio-xxix\\\/carta-de-presentacio\\\/#primaryimage\"},\"image\":{\"@id\":\"https:\\\/\\\/prosoponcatalunya.cat\\\/edicio-xxix\\\/carta-de-presentacio\\\/#primaryimage\"},\"thumbnailUrl\":\"https:\\\/\\\/prosoponcatalunya.cat\\\/wp-content\\\/uploads\\\/2024\\\/07\\\/NoPath.png\",\"datePublished\":\"2024-07-16T09:19:28+00:00\",\"dateModified\":\"2026-04-07T20:25:23+00:00\",\"description\":\"Benvinguts a la Carta de Presentaci\u00f3 - Teatre Grecollat\u00ed! Descobreix la nova imatge del festival i gaudeix de set representacions de teatre cl\u00e0ssic a Catalunya.\",\"breadcrumb\":{\"@id\":\"https:\\\/\\\/prosoponcatalunya.cat\\\/edicio-xxix\\\/carta-de-presentacio\\\/#breadcrumb\"},\"inLanguage\":\"ca\",\"potentialAction\":[{\"@type\":\"ReadAction\",\"target\":[\"https:\\\/\\\/prosoponcatalunya.cat\\\/edicio-xxix\\\/carta-de-presentacio\\\/\"]}]},{\"@type\":\"ImageObject\",\"inLanguage\":\"ca\",\"@id\":\"https:\\\/\\\/prosoponcatalunya.cat\\\/edicio-xxix\\\/carta-de-presentacio\\\/#primaryimage\",\"url\":\"https:\\\/\\\/prosoponcatalunya.cat\\\/wp-content\\\/uploads\\\/2024\\\/07\\\/NoPath.png\",\"contentUrl\":\"https:\\\/\\\/prosoponcatalunya.cat\\\/wp-content\\\/uploads\\\/2024\\\/07\\\/NoPath.png\"},{\"@type\":\"BreadcrumbList\",\"@id\":\"https:\\\/\\\/prosoponcatalunya.cat\\\/edicio-xxix\\\/carta-de-presentacio\\\/#breadcrumb\",\"itemListElement\":[{\"@type\":\"ListItem\",\"position\":1,\"name\":\"EDICI\u00d3 XXIX\",\"item\":\"https:\\\/\\\/prosoponcatalunya.cat\\\/edicio-xxix\\\/\"},{\"@type\":\"ListItem\",\"position\":2,\"name\":\"Carta de Presentaci\u00f3\"}]},{\"@type\":\"WebSite\",\"@id\":\"https:\\\/\\\/prosoponcatalunya.cat\\\/#website\",\"url\":\"https:\\\/\\\/prosoponcatalunya.cat\\\/\",\"name\":\"Teatre Grecollat\u00ed\",\"description\":\"El festival juvenil de teatre grecollat\u00ed de refer\u00e8ncia a Catalunya.\",\"publisher\":{\"@id\":\"https:\\\/\\\/prosoponcatalunya.cat\\\/#organization\"},\"potentialAction\":[{\"@type\":\"SearchAction\",\"target\":{\"@type\":\"EntryPoint\",\"urlTemplate\":\"https:\\\/\\\/prosoponcatalunya.cat\\\/?s={search_term_string}\"},\"query-input\":{\"@type\":\"PropertyValueSpecification\",\"valueRequired\":true,\"valueName\":\"search_term_string\"}}],\"inLanguage\":\"ca\"},{\"@type\":\"Organization\",\"@id\":\"https:\\\/\\\/prosoponcatalunya.cat\\\/#organization\",\"name\":\"Teatre Grecollat\u00ed\",\"url\":\"https:\\\/\\\/prosoponcatalunya.cat\\\/\",\"logo\":{\"@type\":\"ImageObject\",\"inLanguage\":\"ca\",\"@id\":\"https:\\\/\\\/prosoponcatalunya.cat\\\/#\\\/schema\\\/logo\\\/image\\\/\",\"url\":\"https:\\\/\\\/i0.wp.com\\\/prosoponcatalunya.cat\\\/wp-content\\\/uploads\\\/2024\\\/10\\\/cropped-Full_Logo_Black.png?fit=1419%2C1442&ssl=1\",\"contentUrl\":\"https:\\\/\\\/i0.wp.com\\\/prosoponcatalunya.cat\\\/wp-content\\\/uploads\\\/2024\\\/10\\\/cropped-Full_Logo_Black.png?fit=1419%2C1442&ssl=1\",\"width\":1419,\"height\":1442,\"caption\":\"Teatre Grecollat\u00ed\"},\"image\":{\"@id\":\"https:\\\/\\\/prosoponcatalunya.cat\\\/#\\\/schema\\\/logo\\\/image\\\/\"}}]}<\/script>\n<!-- \/ Yoast SEO plugin. -->","yoast_head_json":{"title":"Carta de Presentaci\u00f3 - Teatre Grecollat\u00ed","description":"Benvinguts a la Carta de Presentaci\u00f3 - Teatre Grecollat\u00ed! Descobreix la nova imatge del festival i gaudeix de set representacions de teatre cl\u00e0ssic a Catalunya.","robots":{"index":"index","follow":"follow","max-snippet":"max-snippet:-1","max-image-preview":"max-image-preview:large","max-video-preview":"max-video-preview:-1"},"canonical":"https:\/\/prosoponcatalunya.cat\/ca\/edicio-xxix\/carta-de-presentacio\/","og_locale":"ca_ES","og_type":"article","og_title":"Carta de Presentaci\u00f3 - Teatre Grecollat\u00ed","og_description":"Benvinguts a la Carta de Presentaci\u00f3 - Teatre Grecollat\u00ed! Descobreix la nova imatge del festival i gaudeix de set representacions de teatre cl\u00e0ssic a Catalunya.","og_url":"https:\/\/prosoponcatalunya.cat\/ca\/edicio-xxix\/carta-de-presentacio\/","og_site_name":"Teatre Grecollat\u00ed","article_modified_time":"2026-04-07T20:25:23+00:00","og_image":[{"url":"https:\/\/prosoponcatalunya.cat\/wp-content\/uploads\/2024\/07\/NoPath.png","type":"","width":"","height":""}],"twitter_card":"summary_large_image","twitter_misc":{"Temps estimat de lectura":"4 minuts"},"schema":{"@context":"https:\/\/schema.org","@graph":[{"@type":"WebPage","@id":"https:\/\/prosoponcatalunya.cat\/edicio-xxix\/carta-de-presentacio\/","url":"https:\/\/prosoponcatalunya.cat\/edicio-xxix\/carta-de-presentacio\/","name":"Carta de Presentaci\u00f3 - Teatre Grecollat\u00ed","isPartOf":{"@id":"https:\/\/prosoponcatalunya.cat\/#website"},"primaryImageOfPage":{"@id":"https:\/\/prosoponcatalunya.cat\/edicio-xxix\/carta-de-presentacio\/#primaryimage"},"image":{"@id":"https:\/\/prosoponcatalunya.cat\/edicio-xxix\/carta-de-presentacio\/#primaryimage"},"thumbnailUrl":"https:\/\/prosoponcatalunya.cat\/wp-content\/uploads\/2024\/07\/NoPath.png","datePublished":"2024-07-16T09:19:28+00:00","dateModified":"2026-04-07T20:25:23+00:00","description":"Benvinguts a la Carta de Presentaci\u00f3 - Teatre Grecollat\u00ed! Descobreix la nova imatge del festival i gaudeix de set representacions de teatre cl\u00e0ssic a Catalunya.","breadcrumb":{"@id":"https:\/\/prosoponcatalunya.cat\/edicio-xxix\/carta-de-presentacio\/#breadcrumb"},"inLanguage":"ca","potentialAction":[{"@type":"ReadAction","target":["https:\/\/prosoponcatalunya.cat\/edicio-xxix\/carta-de-presentacio\/"]}]},{"@type":"ImageObject","inLanguage":"ca","@id":"https:\/\/prosoponcatalunya.cat\/edicio-xxix\/carta-de-presentacio\/#primaryimage","url":"https:\/\/prosoponcatalunya.cat\/wp-content\/uploads\/2024\/07\/NoPath.png","contentUrl":"https:\/\/prosoponcatalunya.cat\/wp-content\/uploads\/2024\/07\/NoPath.png"},{"@type":"BreadcrumbList","@id":"https:\/\/prosoponcatalunya.cat\/edicio-xxix\/carta-de-presentacio\/#breadcrumb","itemListElement":[{"@type":"ListItem","position":1,"name":"EDICI\u00d3 XXIX","item":"https:\/\/prosoponcatalunya.cat\/edicio-xxix\/"},{"@type":"ListItem","position":2,"name":"Carta de Presentaci\u00f3"}]},{"@type":"WebSite","@id":"https:\/\/prosoponcatalunya.cat\/#website","url":"https:\/\/prosoponcatalunya.cat\/","name":"Teatre Grecollat\u00ed","description":"El festival juvenil de teatre grecollat\u00ed de refer\u00e8ncia a Catalunya.","publisher":{"@id":"https:\/\/prosoponcatalunya.cat\/#organization"},"potentialAction":[{"@type":"SearchAction","target":{"@type":"EntryPoint","urlTemplate":"https:\/\/prosoponcatalunya.cat\/?s={search_term_string}"},"query-input":{"@type":"PropertyValueSpecification","valueRequired":true,"valueName":"search_term_string"}}],"inLanguage":"ca"},{"@type":"Organization","@id":"https:\/\/prosoponcatalunya.cat\/#organization","name":"Teatre Grecollat\u00ed","url":"https:\/\/prosoponcatalunya.cat\/","logo":{"@type":"ImageObject","inLanguage":"ca","@id":"https:\/\/prosoponcatalunya.cat\/#\/schema\/logo\/image\/","url":"https:\/\/i0.wp.com\/prosoponcatalunya.cat\/wp-content\/uploads\/2024\/10\/cropped-Full_Logo_Black.png?fit=1419%2C1442&ssl=1","contentUrl":"https:\/\/i0.wp.com\/prosoponcatalunya.cat\/wp-content\/uploads\/2024\/10\/cropped-Full_Logo_Black.png?fit=1419%2C1442&ssl=1","width":1419,"height":1442,"caption":"Teatre Grecollat\u00ed"},"image":{"@id":"https:\/\/prosoponcatalunya.cat\/#\/schema\/logo\/image\/"}}]}},"jetpack_sharing_enabled":true,"_links":{"self":[{"href":"https:\/\/prosoponcatalunya.cat\/ca\/wp-json\/wp\/v2\/pages\/306","targetHints":{"allow":["GET"]}}],"collection":[{"href":"https:\/\/prosoponcatalunya.cat\/ca\/wp-json\/wp\/v2\/pages"}],"about":[{"href":"https:\/\/prosoponcatalunya.cat\/ca\/wp-json\/wp\/v2\/types\/page"}],"author":[{"embeddable":true,"href":"https:\/\/prosoponcatalunya.cat\/ca\/wp-json\/wp\/v2\/users\/249"}],"replies":[{"embeddable":true,"href":"https:\/\/prosoponcatalunya.cat\/ca\/wp-json\/wp\/v2\/comments?post=306"}],"version-history":[{"count":5,"href":"https:\/\/prosoponcatalunya.cat\/ca\/wp-json\/wp\/v2\/pages\/306\/revisions"}],"predecessor-version":[{"id":3810,"href":"https:\/\/prosoponcatalunya.cat\/ca\/wp-json\/wp\/v2\/pages\/306\/revisions\/3810"}],"up":[{"embeddable":true,"href":"https:\/\/prosoponcatalunya.cat\/ca\/wp-json\/wp\/v2\/pages\/57"}],"wp:attachment":[{"href":"https:\/\/prosoponcatalunya.cat\/ca\/wp-json\/wp\/v2\/media?parent=306"}],"curies":[{"name":"wp","href":"https:\/\/api.w.org\/{rel}","templated":true}]}}