{"id":1276,"date":"2024-08-06T11:02:35","date_gmt":"2024-08-06T11:02:35","guid":{"rendered":"https:\/\/jovial-mccarthy.93-93-118-239.plesk.page\/?post_type=product&#038;p=1276"},"modified":"2026-03-23T19:11:24","modified_gmt":"2026-03-23T17:11:24","slug":"mostellaria-de-plaute","status":"publish","type":"product","link":"https:\/\/prosoponcatalunya.cat\/ca\/producte\/mostellaria-de-plaute\/","title":{"rendered":"Mostellaria de Plaute"},"content":{"rendered":"<body><p><strong>M<\/strong>anumissi\u00f3 per a l\u2019amant de Fil\u00f2laques un cop comprada,<br>\n<strong>O<\/strong>\u00a0la dilapidaci\u00f3 de tots els seus b\u00e9ns en abs\u00e8ncia del seu pare.<br>\n<strong>S<\/strong>\u2019empesca un engany l\u2019esclau Trani\u00f3 a la tornada del vell:<br>\n<strong>T<\/strong>error\u00edfiques coses, diu, es produeixen a la casa<br>\n<strong>E<\/strong>migrats tots els ocupants ja fa estona.<br>\n<strong>L<\/strong>\u2019usurer garrepa que reclama els interessos hi interv\u00e9,<br>\n<strong>L<\/strong>a segona vegada \u00e9s aquesta que el vell \u00e9s burlat,<br>\n<strong>A<\/strong>cceptat, diu Trani\u00f3, el pr\u00e9stec amb el qual Fil\u00f2laques comprar\u00e0 la casa.<br>\n<strong>R<\/strong>equereix el vell de quina casa es tracta, li diu que la del ve\u00ed.<br>\n<strong>I<\/strong>nspecciona la casa i despr\u00e9s es lamenta de la burla que li han fet.<br>\n<strong>A<\/strong>mb les s\u00fapliques del company del fill, a la fi es deixa conv\u00e8ncer.<\/p>\n<\/body>","protected":false},"excerpt":{"rendered":"<p><span data-sheets-root=\"1\">Grupo Alezeia Teatro, Colegio Maravillas, Benalm\u00e1dena (M\u00e1laga)<\/span><\/p>","protected":false},"featured_media":1277,"template":"","meta":{"_acf_changed":false,"om_disable_all_campaigns":false},"product_brand":[],"product_cat":[33],"product_tag":[],"class_list":{"0":"post-1276","1":"product","2":"type-product","3":"status-publish","4":"has-post-thumbnail","6":"product_cat-funcions","8":"first","9":"instock","10":"shipping-taxable","11":"purchasable","12":"product-type-variable"},"acf":[],"yoast_head":"<!-- This site is optimized with the Yoast SEO plugin v27.5 - https:\/\/yoast.com\/product\/yoast-seo-wordpress\/ -->\n<title>Mostellaria de Plaute - Teatre Grecollat\u00ed<\/title>\n<meta name=\"robots\" content=\"index, follow, max-snippet:-1, max-image-preview:large, max-video-preview:-1\" \/>\n<link rel=\"canonical\" href=\"https:\/\/prosoponcatalunya.cat\/ca\/producte\/mostellaria-de-plaute\/\" \/>\n<meta property=\"og:locale\" content=\"ca_ES\" \/>\n<meta property=\"og:type\" content=\"article\" \/>\n<meta property=\"og:title\" content=\"Mostellaria de Plaute - Teatre Grecollat\u00ed\" \/>\n<meta property=\"og:description\" content=\"Grupo Alezeia Teatro, Colegio Maravillas, Benalm\u00e1dena (M\u00e1laga)\" \/>\n<meta property=\"og:url\" content=\"https:\/\/prosoponcatalunya.cat\/ca\/producte\/mostellaria-de-plaute\/\" \/>\n<meta property=\"og:site_name\" content=\"Teatre Grecollat\u00ed\" \/>\n<meta property=\"article:modified_time\" content=\"2026-03-23T17:11:24+00:00\" \/>\n<meta property=\"og:image\" content=\"https:\/\/prosoponcatalunya.cat\/wp-content\/uploads\/2024\/08\/Mostellaria-de-Plaute-Alezeia-Teatro.jpeg\" \/>\n\t<meta property=\"og:image:width\" content=\"1280\" \/>\n\t<meta property=\"og:image:height\" content=\"1829\" \/>\n\t<meta property=\"og:image:type\" content=\"image\/jpeg\" \/>\n<meta name=\"twitter:card\" content=\"summary_large_image\" \/>\n<meta name=\"twitter:label1\" content=\"Temps estimat de lectura\" \/>\n\t<meta name=\"twitter:data1\" content=\"1 minut\" \/>\n<script type=\"application\/ld+json\" class=\"yoast-schema-graph\">{\"@context\":\"https:\\\/\\\/schema.org\",\"@graph\":[{\"@type\":\"WebPage\",\"@id\":\"https:\\\/\\\/prosoponcatalunya.cat\\\/product\\\/mostellaria-de-plaute\\\/\",\"url\":\"https:\\\/\\\/prosoponcatalunya.cat\\\/product\\\/mostellaria-de-plaute\\\/\",\"name\":\"Mostellaria de Plaute - Teatre Grecollat\u00ed\",\"isPartOf\":{\"@id\":\"https:\\\/\\\/prosoponcatalunya.cat\\\/#website\"},\"primaryImageOfPage\":{\"@id\":\"https:\\\/\\\/prosoponcatalunya.cat\\\/product\\\/mostellaria-de-plaute\\\/#primaryimage\"},\"image\":{\"@id\":\"https:\\\/\\\/prosoponcatalunya.cat\\\/product\\\/mostellaria-de-plaute\\\/#primaryimage\"},\"thumbnailUrl\":\"https:\\\/\\\/i0.wp.com\\\/prosoponcatalunya.cat\\\/wp-content\\\/uploads\\\/2024\\\/08\\\/Mostellaria-de-Plaute-Alezeia-Teatro.jpeg?fit=1280%2C1829&ssl=1\",\"datePublished\":\"2024-08-06T11:02:35+00:00\",\"dateModified\":\"2026-03-23T17:11:24+00:00\",\"breadcrumb\":{\"@id\":\"https:\\\/\\\/prosoponcatalunya.cat\\\/product\\\/mostellaria-de-plaute\\\/#breadcrumb\"},\"inLanguage\":\"ca\",\"potentialAction\":[{\"@type\":\"ReadAction\",\"target\":[\"https:\\\/\\\/prosoponcatalunya.cat\\\/product\\\/mostellaria-de-plaute\\\/\"]}]},{\"@type\":\"ImageObject\",\"inLanguage\":\"ca\",\"@id\":\"https:\\\/\\\/prosoponcatalunya.cat\\\/product\\\/mostellaria-de-plaute\\\/#primaryimage\",\"url\":\"https:\\\/\\\/i0.wp.com\\\/prosoponcatalunya.cat\\\/wp-content\\\/uploads\\\/2024\\\/08\\\/Mostellaria-de-Plaute-Alezeia-Teatro.jpeg?fit=1280%2C1829&ssl=1\",\"contentUrl\":\"https:\\\/\\\/i0.wp.com\\\/prosoponcatalunya.cat\\\/wp-content\\\/uploads\\\/2024\\\/08\\\/Mostellaria-de-Plaute-Alezeia-Teatro.jpeg?fit=1280%2C1829&ssl=1\",\"width\":1280,\"height\":1829},{\"@type\":\"BreadcrumbList\",\"@id\":\"https:\\\/\\\/prosoponcatalunya.cat\\\/product\\\/mostellaria-de-plaute\\\/#breadcrumb\",\"itemListElement\":[{\"@type\":\"ListItem\",\"position\":1,\"name\":\"Shop\",\"item\":\"https:\\\/\\\/prosoponcatalunya.cat\\\/shop\\\/\"},{\"@type\":\"ListItem\",\"position\":2,\"name\":\"Mostellaria de Plaute\"}]},{\"@type\":\"WebSite\",\"@id\":\"https:\\\/\\\/prosoponcatalunya.cat\\\/#website\",\"url\":\"https:\\\/\\\/prosoponcatalunya.cat\\\/\",\"name\":\"Teatre Grecollat\u00ed\",\"description\":\"El festival juvenil de teatre grecollat\u00ed de refer\u00e8ncia a Catalunya.\",\"publisher\":{\"@id\":\"https:\\\/\\\/prosoponcatalunya.cat\\\/#organization\"},\"potentialAction\":[{\"@type\":\"SearchAction\",\"target\":{\"@type\":\"EntryPoint\",\"urlTemplate\":\"https:\\\/\\\/prosoponcatalunya.cat\\\/?s={search_term_string}\"},\"query-input\":{\"@type\":\"PropertyValueSpecification\",\"valueRequired\":true,\"valueName\":\"search_term_string\"}}],\"inLanguage\":\"ca\"},{\"@type\":\"Organization\",\"@id\":\"https:\\\/\\\/prosoponcatalunya.cat\\\/#organization\",\"name\":\"Teatre Grecollat\u00ed\",\"url\":\"https:\\\/\\\/prosoponcatalunya.cat\\\/\",\"logo\":{\"@type\":\"ImageObject\",\"inLanguage\":\"ca\",\"@id\":\"https:\\\/\\\/prosoponcatalunya.cat\\\/#\\\/schema\\\/logo\\\/image\\\/\",\"url\":\"https:\\\/\\\/i0.wp.com\\\/prosoponcatalunya.cat\\\/wp-content\\\/uploads\\\/2024\\\/10\\\/cropped-Full_Logo_Black.png?fit=1419%2C1442&ssl=1\",\"contentUrl\":\"https:\\\/\\\/i0.wp.com\\\/prosoponcatalunya.cat\\\/wp-content\\\/uploads\\\/2024\\\/10\\\/cropped-Full_Logo_Black.png?fit=1419%2C1442&ssl=1\",\"width\":1419,\"height\":1442,\"caption\":\"Teatre Grecollat\u00ed\"},\"image\":{\"@id\":\"https:\\\/\\\/prosoponcatalunya.cat\\\/#\\\/schema\\\/logo\\\/image\\\/\"}}]}<\/script>\n<!-- \/ Yoast SEO plugin. -->","yoast_head_json":{"title":"Mostellaria de Plaute - Teatre Grecollat\u00ed","robots":{"index":"index","follow":"follow","max-snippet":"max-snippet:-1","max-image-preview":"max-image-preview:large","max-video-preview":"max-video-preview:-1"},"canonical":"https:\/\/prosoponcatalunya.cat\/ca\/producte\/mostellaria-de-plaute\/","og_locale":"ca_ES","og_type":"article","og_title":"Mostellaria de Plaute - Teatre Grecollat\u00ed","og_description":"Grupo Alezeia Teatro, Colegio Maravillas, Benalm\u00e1dena (M\u00e1laga)","og_url":"https:\/\/prosoponcatalunya.cat\/ca\/producte\/mostellaria-de-plaute\/","og_site_name":"Teatre Grecollat\u00ed","article_modified_time":"2026-03-23T17:11:24+00:00","og_image":[{"width":1280,"height":1829,"url":"https:\/\/prosoponcatalunya.cat\/wp-content\/uploads\/2024\/08\/Mostellaria-de-Plaute-Alezeia-Teatro.jpeg","type":"image\/jpeg"}],"twitter_card":"summary_large_image","twitter_misc":{"Temps estimat de lectura":"1 minut"},"schema":{"@context":"https:\/\/schema.org","@graph":[{"@type":"WebPage","@id":"https:\/\/prosoponcatalunya.cat\/product\/mostellaria-de-plaute\/","url":"https:\/\/prosoponcatalunya.cat\/product\/mostellaria-de-plaute\/","name":"Mostellaria de Plaute - Teatre Grecollat\u00ed","isPartOf":{"@id":"https:\/\/prosoponcatalunya.cat\/#website"},"primaryImageOfPage":{"@id":"https:\/\/prosoponcatalunya.cat\/product\/mostellaria-de-plaute\/#primaryimage"},"image":{"@id":"https:\/\/prosoponcatalunya.cat\/product\/mostellaria-de-plaute\/#primaryimage"},"thumbnailUrl":"https:\/\/i0.wp.com\/prosoponcatalunya.cat\/wp-content\/uploads\/2024\/08\/Mostellaria-de-Plaute-Alezeia-Teatro.jpeg?fit=1280%2C1829&ssl=1","datePublished":"2024-08-06T11:02:35+00:00","dateModified":"2026-03-23T17:11:24+00:00","breadcrumb":{"@id":"https:\/\/prosoponcatalunya.cat\/product\/mostellaria-de-plaute\/#breadcrumb"},"inLanguage":"ca","potentialAction":[{"@type":"ReadAction","target":["https:\/\/prosoponcatalunya.cat\/product\/mostellaria-de-plaute\/"]}]},{"@type":"ImageObject","inLanguage":"ca","@id":"https:\/\/prosoponcatalunya.cat\/product\/mostellaria-de-plaute\/#primaryimage","url":"https:\/\/i0.wp.com\/prosoponcatalunya.cat\/wp-content\/uploads\/2024\/08\/Mostellaria-de-Plaute-Alezeia-Teatro.jpeg?fit=1280%2C1829&ssl=1","contentUrl":"https:\/\/i0.wp.com\/prosoponcatalunya.cat\/wp-content\/uploads\/2024\/08\/Mostellaria-de-Plaute-Alezeia-Teatro.jpeg?fit=1280%2C1829&ssl=1","width":1280,"height":1829},{"@type":"BreadcrumbList","@id":"https:\/\/prosoponcatalunya.cat\/product\/mostellaria-de-plaute\/#breadcrumb","itemListElement":[{"@type":"ListItem","position":1,"name":"Shop","item":"https:\/\/prosoponcatalunya.cat\/shop\/"},{"@type":"ListItem","position":2,"name":"Mostellaria de Plaute"}]},{"@type":"WebSite","@id":"https:\/\/prosoponcatalunya.cat\/#website","url":"https:\/\/prosoponcatalunya.cat\/","name":"Teatre Grecollat\u00ed","description":"El festival juvenil de teatre grecollat\u00ed de refer\u00e8ncia a Catalunya.","publisher":{"@id":"https:\/\/prosoponcatalunya.cat\/#organization"},"potentialAction":[{"@type":"SearchAction","target":{"@type":"EntryPoint","urlTemplate":"https:\/\/prosoponcatalunya.cat\/?s={search_term_string}"},"query-input":{"@type":"PropertyValueSpecification","valueRequired":true,"valueName":"search_term_string"}}],"inLanguage":"ca"},{"@type":"Organization","@id":"https:\/\/prosoponcatalunya.cat\/#organization","name":"Teatre Grecollat\u00ed","url":"https:\/\/prosoponcatalunya.cat\/","logo":{"@type":"ImageObject","inLanguage":"ca","@id":"https:\/\/prosoponcatalunya.cat\/#\/schema\/logo\/image\/","url":"https:\/\/i0.wp.com\/prosoponcatalunya.cat\/wp-content\/uploads\/2024\/10\/cropped-Full_Logo_Black.png?fit=1419%2C1442&ssl=1","contentUrl":"https:\/\/i0.wp.com\/prosoponcatalunya.cat\/wp-content\/uploads\/2024\/10\/cropped-Full_Logo_Black.png?fit=1419%2C1442&ssl=1","width":1419,"height":1442,"caption":"Teatre Grecollat\u00ed"},"image":{"@id":"https:\/\/prosoponcatalunya.cat\/#\/schema\/logo\/image\/"}}]}},"jetpack_sharing_enabled":true,"_links":{"self":[{"href":"https:\/\/prosoponcatalunya.cat\/ca\/wp-json\/wp\/v2\/product\/1276","targetHints":{"allow":["GET"]}}],"collection":[{"href":"https:\/\/prosoponcatalunya.cat\/ca\/wp-json\/wp\/v2\/product"}],"about":[{"href":"https:\/\/prosoponcatalunya.cat\/ca\/wp-json\/wp\/v2\/types\/product"}],"wp:featuredmedia":[{"embeddable":true,"href":"https:\/\/prosoponcatalunya.cat\/ca\/wp-json\/wp\/v2\/media\/1277"}],"wp:attachment":[{"href":"https:\/\/prosoponcatalunya.cat\/ca\/wp-json\/wp\/v2\/media?parent=1276"}],"wp:term":[{"taxonomy":"product_brand","embeddable":true,"href":"https:\/\/prosoponcatalunya.cat\/ca\/wp-json\/wp\/v2\/product_brand?post=1276"},{"taxonomy":"product_cat","embeddable":true,"href":"https:\/\/prosoponcatalunya.cat\/ca\/wp-json\/wp\/v2\/product_cat?post=1276"},{"taxonomy":"product_tag","embeddable":true,"href":"https:\/\/prosoponcatalunya.cat\/ca\/wp-json\/wp\/v2\/product_tag?post=1276"}],"curies":[{"name":"wp","href":"https:\/\/api.w.org\/{rel}","templated":true}]}}